{"id":16945,"date":"2020-11-11T10:41:18","date_gmt":"2020-11-11T10:41:18","guid":{"rendered":"https:\/\/fjolmenning.arborg.is\/?page_id=16945"},"modified":"2025-07-16T11:39:34","modified_gmt":"2025-07-16T11:39:34","slug":"rettindi-starfsmanna","status":"publish","type":"page","link":"https:\/\/fjolmenning.arborg.is\/en\/atvinna\/rettindi-starfsmanna\/","title":{"rendered":"Employee rights"},"content":{"rendered":"<h1>\n\t\t\tEmployee rights\t<\/h1>\n\t<p>A website with information about employee rights for all workers in the Icelandic labour market, including individuals with an immigrant background.\u00a0\u00a0<\/p>\n\t<p>Further information: <a href=\"https:\/\/www.youtube.com\/@alyusambandislands9531\/search?query=ekkert%20svindl\" target=\"_blank\" rel=\"noopener\">Al\u00fe\u00fd\u00f0usamband \u00cdslands &#8211; YouTube<\/a><\/p>","protected":false},"excerpt":{"rendered":"<p>R\u00e9ttindi starfsmanna Vefs\u00ed\u00f0a me\u00f0 uppl\u00fdsingum um r\u00e9ttindi \u00e1 \u00edslenskum vinnumarka\u00f0i fyrir alla sem h\u00e9r starfa, m.a. fyrir f\u00f3lk af erlendum uppruna.\u00a0\u00a0 N\u00e1nari uppl\u00fdsingar: Al\u00fe\u00fd\u00f0usamband \u00cdslands &#8211; YouTube<\/p>","protected":false},"author":4,"featured_media":0,"parent":16508,"menu_order":0,"comment_status":"closed","ping_status":"closed","template":"","meta":{"inline_featured_image":false,"site-sidebar-layout":"no-sidebar","site-content-layout":"page-builder","ast-site-content-layout":"default","site-content-style":"default","site-sidebar-style":"default","ast-global-header-display":"","ast-banner-title-visibility":"","ast-main-header-display":"","ast-hfb-above-header-display":"","ast-hfb-below-header-display":"","ast-hfb-mobile-header-display":"","site-post-title":"disabled","ast-breadcrumbs-content":"","ast-featured-img":"disabled","footer-sml-layout":"","theme-transparent-header-meta":"default","adv-header-id-meta":"","stick-header-meta":"","header-above-stick-meta":"","header-main-stick-meta":"","header-below-stick-meta":"","astra-migrate-meta-layouts":"default","ast-page-background-enabled":"default","ast-page-background-meta":{"desktop":{"background-color":"","background-image":"","background-repeat":"repeat","background-position":"center center","background-size":"auto","background-attachment":"scroll","background-type":"","background-media":"","overlay-type":"","overlay-color":"","overlay-opacity":"","overlay-gradient":""},"tablet":{"background-color":"","background-image":"","background-repeat":"repeat","background-position":"center center","background-size":"auto","background-attachment":"scroll","background-type":"","background-media":"","overlay-type":"","overlay-color":"","overlay-opacity":"","overlay-gradient":""},"mobile":{"background-color":"","background-image":"","background-repeat":"repeat","background-position":"center center","background-size":"auto","background-attachment":"scroll","background-type":"","background-media":"","overlay-type":"","overlay-color":"","overlay-opacity":"","overlay-gradient":""}},"ast-content-background-meta":{"desktop":{"background-color":"var(--ast-global-color-5)","background-image":"","background-repeat":"repeat","background-position":"center center","background-size":"auto","background-attachment":"scroll","background-type":"","background-media":"","overlay-type":"","overlay-color":"","overlay-opacity":"","overlay-gradient":""},"tablet":{"background-color":"var(--ast-global-color-5)","background-image":"","background-repeat":"repeat","background-position":"center center","background-size":"auto","background-attachment":"scroll","background-type":"","background-media":"","overlay-type":"","overlay-color":"","overlay-opacity":"","overlay-gradient":""},"mobile":{"background-color":"var(--ast-global-color-5)","background-image":"","background-repeat":"repeat","background-position":"center center","background-size":"auto","background-attachment":"scroll","background-type":"","background-media":"","overlay-type":"","overlay-color":"","overlay-opacity":"","overlay-gradient":""}},"footnotes":""},"class_list":["post-16945","page","type-page","status-publish","hentry"],"_links":{"self":[{"href":"https:\/\/fjolmenning.arborg.is\/en\/wp-json\/wp\/v2\/pages\/16945","targetHints":{"allow":["GET"]}}],"collection":[{"href":"https:\/\/fjolmenning.arborg.is\/en\/wp-json\/wp\/v2\/pages"}],"about":[{"href":"https:\/\/fjolmenning.arborg.is\/en\/wp-json\/wp\/v2\/types\/page"}],"author":[{"embeddable":true,"href":"https:\/\/fjolmenning.arborg.is\/en\/wp-json\/wp\/v2\/users\/4"}],"replies":[{"embeddable":true,"href":"https:\/\/fjolmenning.arborg.is\/en\/wp-json\/wp\/v2\/comments?post=16945"}],"version-history":[{"count":5,"href":"https:\/\/fjolmenning.arborg.is\/en\/wp-json\/wp\/v2\/pages\/16945\/revisions"}],"predecessor-version":[{"id":18210,"href":"https:\/\/fjolmenning.arborg.is\/en\/wp-json\/wp\/v2\/pages\/16945\/revisions\/18210"}],"up":[{"embeddable":true,"href":"https:\/\/fjolmenning.arborg.is\/en\/wp-json\/wp\/v2\/pages\/16508"}],"wp:attachment":[{"href":"https:\/\/fjolmenning.arborg.is\/en\/wp-json\/wp\/v2\/media?parent=16945"}],"curies":[{"name":"wp","href":"https:\/\/api.w.org\/{rel}","templated":true}]}}