{"id":16943,"date":"2020-11-11T10:40:41","date_gmt":"2020-11-11T10:40:41","guid":{"rendered":"https:\/\/fjolmenning.arborg.is\/?page_id=16943"},"modified":"2025-07-16T11:38:40","modified_gmt":"2025-07-16T11:38:40","slug":"atvinnuauglysingar","status":"publish","type":"page","link":"https:\/\/fjolmenning.arborg.is\/en\/atvinna\/atvinnuauglysingar\/","title":{"rendered":"Job advertisements"},"content":{"rendered":"<h1>\n\t\t\tJob advertisements\t<\/h1>\n\t<p>Here are links to various websites with information about vacancies in the private and public sector, including the \u00c1rborg Municipality:\u00a0<\/p>\n\t<ul>\n<li data-leveltext=\"o\" data-font=\"Courier New\" data-listid=\"10\" aria-setsize=\"-1\" data-aria-posinset=\"1\" data-aria-level=\"2\">\u00c1rborg Municipality\u00a0<a href=\"https:\/\/sveitarfelagid-arborg.alfred.is\/\" target=\"_blank\" rel=\"noopener\">http:\/\/starf.arborg.is\/storf\/Default.aspx<\/a>\u00a0\u00a0<\/li>\n<li data-leveltext=\"o\" data-font=\"Courier New\" data-listid=\"10\" aria-setsize=\"-1\" data-aria-posinset=\"2\" data-aria-level=\"2\">Dagskr\u00e1 Su\u00f0urlands\u00a0<a href=\"https:\/\/www.dfs.is\/atvinna\/\" target=\"_blank\" rel=\"noopener\">https:\/\/www.dfs.is\/atvinna\/<\/a>\u00a0<\/li>\n<li data-leveltext=\"o\" data-font=\"Courier New\" data-listid=\"10\" aria-setsize=\"-1\" data-aria-posinset=\"3\" data-aria-level=\"2\">Directorate of Labour in South Iceland\u00a0<a href=\"https:\/\/is-is.facebook.com\/vinnumalastofnunsudurlandi\/\" target=\"_blank\" rel=\"noopener\">https:\/\/is-is.facebook.com\/vinnumalastofnunsudurlandi\/<\/a>\u00a0<\/li>\n<li data-leveltext=\"o\" data-font=\"Courier New\" data-listid=\"10\" aria-setsize=\"-1\" data-aria-posinset=\"4\" data-aria-level=\"2\">Alfred\u00a0<a href=\"https:\/\/alfred.is\/\" target=\"_blank\" rel=\"noopener\">https:\/\/alfred.is\/<\/a>\u00a0\u00a0<\/li>\n<li data-leveltext=\"o\" data-font=\"Courier New\" data-listid=\"10\" aria-setsize=\"-1\" data-aria-posinset=\"5\" data-aria-level=\"2\">Starfatorg <a href=\"https:\/\/island.is\/starfatorg\" target=\"_blank\" rel=\"noopener\">https:\/\/island.is\/starfatorg<\/a><\/li>\n<\/ul>","protected":false},"excerpt":{"rendered":"<p>Atvinnuaugl\u00fdsingar H\u00e9r eru hlekkir \u00e1 \u00fdmsar vefs\u00ed\u00f0ur me\u00f0 uppl\u00fdsingar um laus st\u00f6rf \u00e1 almennum marka\u00f0i og hj\u00e1 hinu opinbera, m.a. hj\u00e1 Sveitarf\u00e9laginu \u00c1rborg:\u00a0 Sveitarf\u00e9lagi\u00f0 \u00c1rborg\u00a0http:\/\/starf.arborg.is\/storf\/Default.aspx\u00a0\u00a0 Dagskr\u00e1 Su\u00f0urlands\u00a0https:\/\/www.dfs.is\/atvinna\/\u00a0 VMST \u00e1 Su\u00f0urlandi\u00a0https:\/\/is-is.facebook.com\/vinnumalastofnunsudurlandi\/\u00a0 Alfred\u00a0https:\/\/alfred.is\/\u00a0\u00a0 Starfatorg https:\/\/island.is\/starfatorg<\/p>","protected":false},"author":4,"featured_media":0,"parent":16508,"menu_order":0,"comment_status":"closed","ping_status":"closed","template":"","meta":{"inline_featured_image":false,"site-sidebar-layout":"no-sidebar","site-content-layout":"page-builder","ast-site-content-layout":"default","site-content-style":"default","site-sidebar-style":"default","ast-global-header-display":"","ast-banner-title-visibility":"","ast-main-header-display":"","ast-hfb-above-header-display":"","ast-hfb-below-header-display":"","ast-hfb-mobile-header-display":"","site-post-title":"disabled","ast-breadcrumbs-content":"","ast-featured-img":"disabled","footer-sml-layout":"","theme-transparent-header-meta":"default","adv-header-id-meta":"","stick-header-meta":"","header-above-stick-meta":"","header-main-stick-meta":"","header-below-stick-meta":"","astra-migrate-meta-layouts":"default","ast-page-background-enabled":"default","ast-page-background-meta":{"desktop":{"background-color":"","background-image":"","background-repeat":"repeat","background-position":"center center","background-size":"auto","background-attachment":"scroll","background-type":"","background-media":"","overlay-type":"","overlay-color":"","overlay-opacity":"","overlay-gradient":""},"tablet":{"background-color":"","background-image":"","background-repeat":"repeat","background-position":"center center","background-size":"auto","background-attachment":"scroll","background-type":"","background-media":"","overlay-type":"","overlay-color":"","overlay-opacity":"","overlay-gradient":""},"mobile":{"background-color":"","background-image":"","background-repeat":"repeat","background-position":"center center","background-size":"auto","background-attachment":"scroll","background-type":"","background-media":"","overlay-type":"","overlay-color":"","overlay-opacity":"","overlay-gradient":""}},"ast-content-background-meta":{"desktop":{"background-color":"var(--ast-global-color-5)","background-image":"","background-repeat":"repeat","background-position":"center center","background-size":"auto","background-attachment":"scroll","background-type":"","background-media":"","overlay-type":"","overlay-color":"","overlay-opacity":"","overlay-gradient":""},"tablet":{"background-color":"var(--ast-global-color-5)","background-image":"","background-repeat":"repeat","background-position":"center center","background-size":"auto","background-attachment":"scroll","background-type":"","background-media":"","overlay-type":"","overlay-color":"","overlay-opacity":"","overlay-gradient":""},"mobile":{"background-color":"var(--ast-global-color-5)","background-image":"","background-repeat":"repeat","background-position":"center center","background-size":"auto","background-attachment":"scroll","background-type":"","background-media":"","overlay-type":"","overlay-color":"","overlay-opacity":"","overlay-gradient":""}},"footnotes":""},"class_list":["post-16943","page","type-page","status-publish","hentry"],"_links":{"self":[{"href":"https:\/\/fjolmenning.arborg.is\/en\/wp-json\/wp\/v2\/pages\/16943","targetHints":{"allow":["GET"]}}],"collection":[{"href":"https:\/\/fjolmenning.arborg.is\/en\/wp-json\/wp\/v2\/pages"}],"about":[{"href":"https:\/\/fjolmenning.arborg.is\/en\/wp-json\/wp\/v2\/types\/page"}],"author":[{"embeddable":true,"href":"https:\/\/fjolmenning.arborg.is\/en\/wp-json\/wp\/v2\/users\/4"}],"replies":[{"embeddable":true,"href":"https:\/\/fjolmenning.arborg.is\/en\/wp-json\/wp\/v2\/comments?post=16943"}],"version-history":[{"count":5,"href":"https:\/\/fjolmenning.arborg.is\/en\/wp-json\/wp\/v2\/pages\/16943\/revisions"}],"predecessor-version":[{"id":18208,"href":"https:\/\/fjolmenning.arborg.is\/en\/wp-json\/wp\/v2\/pages\/16943\/revisions\/18208"}],"up":[{"embeddable":true,"href":"https:\/\/fjolmenning.arborg.is\/en\/wp-json\/wp\/v2\/pages\/16508"}],"wp:attachment":[{"href":"https:\/\/fjolmenning.arborg.is\/en\/wp-json\/wp\/v2\/media?parent=16943"}],"curies":[{"name":"wp","href":"https:\/\/api.w.org\/{rel}","templated":true}]}}