{"id":16941,"date":"2020-11-11T10:40:14","date_gmt":"2020-11-11T10:40:14","guid":{"rendered":"https:\/\/fjolmenning.arborg.is\/?page_id=16941"},"modified":"2025-07-16T11:39:08","modified_gmt":"2025-07-16T11:39:08","slug":"vinnumalastofnun-vmst","status":"publish","type":"page","link":"https:\/\/fjolmenning.arborg.is\/en\/atvinna\/vinnumalastofnun-vmst\/","title":{"rendered":"The Directorate of Labour"},"content":{"rendered":"<h1>\n\t\t\tThe Directorate of Labour\t<\/h1>\n\t<p>The Directorate of Labour has nine offices around the country, including one in Selfoss, which offers general services including the registration of jobseekers, evaluation of competences, counselling and provisions, and employment services. \u00a0<\/p>\n\t<p>Further information: <a href=\"https:\/\/island.is\/s\/vinnumalastofnun\" target=\"_blank\" rel=\"noopener\">https:\/\/island.is\/s\/vinnumalastofnun<\/a><\/p>\n<p>Further information in English: <a href=\"https:\/\/island.is\/en\/o\/directorate-of-labour\" target=\"_blank\" rel=\"noopener\">https:\/\/island.is\/en\/o\/directorate-of-labour<\/a><\/p>","protected":false},"excerpt":{"rendered":"<p>Vinnum\u00e1lastofnun (VMST) Vinnum\u00e1lastofnun (VMST) rekur n\u00edu \u00fej\u00f3nustuskrifstofur \u00ed kringum landi\u00f0, m.a. \u00e1 Selfossi \u00fear sem veitt er \u00f6ll almenn \u00fej\u00f3nusta vi\u00f0 atvinnuleitendur, skr\u00e1ning, mat \u00e1 f\u00e6rni, r\u00e1\u00f0gj\u00f6f og \u00farr\u00e6\u00f0i og vinnumi\u00f0lun. \u00a0 N\u00e1nari uppl\u00fdsingar: https:\/\/island.is\/s\/vinnumalastofnun N\u00e1nari uppl\u00fdsingar \u00e1 ensku: https:\/\/island.is\/en\/o\/directorate-of-labour<\/p>","protected":false},"author":4,"featured_media":0,"parent":16508,"menu_order":0,"comment_status":"closed","ping_status":"closed","template":"","meta":{"inline_featured_image":false,"site-sidebar-layout":"no-sidebar","site-content-layout":"page-builder","ast-site-content-layout":"default","site-content-style":"default","site-sidebar-style":"default","ast-global-header-display":"","ast-banner-title-visibility":"","ast-main-header-display":"","ast-hfb-above-header-display":"","ast-hfb-below-header-display":"","ast-hfb-mobile-header-display":"","site-post-title":"disabled","ast-breadcrumbs-content":"","ast-featured-img":"disabled","footer-sml-layout":"","theme-transparent-header-meta":"default","adv-header-id-meta":"","stick-header-meta":"","header-above-stick-meta":"","header-main-stick-meta":"","header-below-stick-meta":"","astra-migrate-meta-layouts":"default","ast-page-background-enabled":"default","ast-page-background-meta":{"desktop":{"background-color":"","background-image":"","background-repeat":"repeat","background-position":"center center","background-size":"auto","background-attachment":"scroll","background-type":"","background-media":"","overlay-type":"","overlay-color":"","overlay-opacity":"","overlay-gradient":""},"tablet":{"background-color":"","background-image":"","background-repeat":"repeat","background-position":"center center","background-size":"auto","background-attachment":"scroll","background-type":"","background-media":"","overlay-type":"","overlay-color":"","overlay-opacity":"","overlay-gradient":""},"mobile":{"background-color":"","background-image":"","background-repeat":"repeat","background-position":"center center","background-size":"auto","background-attachment":"scroll","background-type":"","background-media":"","overlay-type":"","overlay-color":"","overlay-opacity":"","overlay-gradient":""}},"ast-content-background-meta":{"desktop":{"background-color":"var(--ast-global-color-5)","background-image":"","background-repeat":"repeat","background-position":"center center","background-size":"auto","background-attachment":"scroll","background-type":"","background-media":"","overlay-type":"","overlay-color":"","overlay-opacity":"","overlay-gradient":""},"tablet":{"background-color":"var(--ast-global-color-5)","background-image":"","background-repeat":"repeat","background-position":"center center","background-size":"auto","background-attachment":"scroll","background-type":"","background-media":"","overlay-type":"","overlay-color":"","overlay-opacity":"","overlay-gradient":""},"mobile":{"background-color":"var(--ast-global-color-5)","background-image":"","background-repeat":"repeat","background-position":"center center","background-size":"auto","background-attachment":"scroll","background-type":"","background-media":"","overlay-type":"","overlay-color":"","overlay-opacity":"","overlay-gradient":""}},"footnotes":""},"class_list":["post-16941","page","type-page","status-publish","hentry"],"_links":{"self":[{"href":"https:\/\/fjolmenning.arborg.is\/en\/wp-json\/wp\/v2\/pages\/16941","targetHints":{"allow":["GET"]}}],"collection":[{"href":"https:\/\/fjolmenning.arborg.is\/en\/wp-json\/wp\/v2\/pages"}],"about":[{"href":"https:\/\/fjolmenning.arborg.is\/en\/wp-json\/wp\/v2\/types\/page"}],"author":[{"embeddable":true,"href":"https:\/\/fjolmenning.arborg.is\/en\/wp-json\/wp\/v2\/users\/4"}],"replies":[{"embeddable":true,"href":"https:\/\/fjolmenning.arborg.is\/en\/wp-json\/wp\/v2\/comments?post=16941"}],"version-history":[{"count":6,"href":"https:\/\/fjolmenning.arborg.is\/en\/wp-json\/wp\/v2\/pages\/16941\/revisions"}],"predecessor-version":[{"id":18209,"href":"https:\/\/fjolmenning.arborg.is\/en\/wp-json\/wp\/v2\/pages\/16941\/revisions\/18209"}],"up":[{"embeddable":true,"href":"https:\/\/fjolmenning.arborg.is\/en\/wp-json\/wp\/v2\/pages\/16508"}],"wp:attachment":[{"href":"https:\/\/fjolmenning.arborg.is\/en\/wp-json\/wp\/v2\/media?parent=16941"}],"curies":[{"name":"wp","href":"https:\/\/api.w.org\/{rel}","templated":true}]}}