{"id":16931,"date":"2020-11-11T10:37:00","date_gmt":"2020-11-11T10:37:00","guid":{"rendered":"https:\/\/fjolmenning.arborg.is\/?page_id=16931"},"modified":"2025-07-16T13:33:40","modified_gmt":"2025-07-16T13:33:40","slug":"utlendingastofnun","status":"publish","type":"page","link":"https:\/\/fjolmenning.arborg.is\/en\/samfelag\/utlendingastofnun\/","title":{"rendered":"The Directorate of Immigration"},"content":{"rendered":"<h1>\n\t\t\tThe Directorate of Immigration\t<\/h1>\n\t<p class=\"translation-block\">The Directorate of Immigration (\u00daTL) handles all applications for Icelandic citizenship, residence permits, whether those are permits in conjunction with a work permit, or e.g. family reunification, student permits, au pair permits, visas and requests for asylum.<\/p>\n\t<p>Further information: <a href=\"https:\/\/island.is\/s\/utlendingastofnun\" target=\"_blank\" rel=\"noopener\">https:\/\/island.is\/s\/utlendingastofnun<\/a><\/p>","protected":false},"excerpt":{"rendered":"<p>\u00datlendingastofnun \u00datlendingastofnun (\u00daTL) afgrei\u00f0ir allar ums\u00f3knir um \u00edslenskan r\u00edkisborgarar\u00e9tt, dvalarleyfi, hvort sem um er a\u00f0 r\u00e6\u00f0a dvalarleyfi \u00e1 grundvelli atvinnu\u00fe\u00e1ttt\u00f6ku e\u00f0a t.d. fj\u00f6lskyldusameiningar, n\u00e1msvistar e\u00f0a vistr\u00e1\u00f0ningar, vegabr\u00e9fs\u00e1ritanir og ums\u00f3knir um al\u00fej\u00f3\u00f0lega vernd. N\u00e1nari uppl\u00fdsingar: https:\/\/island.is\/s\/utlendingastofnun<\/p>","protected":false},"author":4,"featured_media":0,"parent":16506,"menu_order":0,"comment_status":"closed","ping_status":"closed","template":"","meta":{"inline_featured_image":false,"site-sidebar-layout":"no-sidebar","site-content-layout":"page-builder","ast-site-content-layout":"default","site-content-style":"default","site-sidebar-style":"default","ast-global-header-display":"","ast-banner-title-visibility":"","ast-main-header-display":"","ast-hfb-above-header-display":"","ast-hfb-below-header-display":"","ast-hfb-mobile-header-display":"","site-post-title":"disabled","ast-breadcrumbs-content":"","ast-featured-img":"disabled","footer-sml-layout":"","theme-transparent-header-meta":"default","adv-header-id-meta":"","stick-header-meta":"","header-above-stick-meta":"","header-main-stick-meta":"","header-below-stick-meta":"","astra-migrate-meta-layouts":"default","ast-page-background-enabled":"default","ast-page-background-meta":{"desktop":{"background-color":"","background-image":"","background-repeat":"repeat","background-position":"center center","background-size":"auto","background-attachment":"scroll","background-type":"","background-media":"","overlay-type":"","overlay-color":"","overlay-opacity":"","overlay-gradient":""},"tablet":{"background-color":"","background-image":"","background-repeat":"repeat","background-position":"center center","background-size":"auto","background-attachment":"scroll","background-type":"","background-media":"","overlay-type":"","overlay-color":"","overlay-opacity":"","overlay-gradient":""},"mobile":{"background-color":"","background-image":"","background-repeat":"repeat","background-position":"center center","background-size":"auto","background-attachment":"scroll","background-type":"","background-media":"","overlay-type":"","overlay-color":"","overlay-opacity":"","overlay-gradient":""}},"ast-content-background-meta":{"desktop":{"background-color":"var(--ast-global-color-5)","background-image":"","background-repeat":"repeat","background-position":"center center","background-size":"auto","background-attachment":"scroll","background-type":"","background-media":"","overlay-type":"","overlay-color":"","overlay-opacity":"","overlay-gradient":""},"tablet":{"background-color":"var(--ast-global-color-5)","background-image":"","background-repeat":"repeat","background-position":"center center","background-size":"auto","background-attachment":"scroll","background-type":"","background-media":"","overlay-type":"","overlay-color":"","overlay-opacity":"","overlay-gradient":""},"mobile":{"background-color":"var(--ast-global-color-5)","background-image":"","background-repeat":"repeat","background-position":"center center","background-size":"auto","background-attachment":"scroll","background-type":"","background-media":"","overlay-type":"","overlay-color":"","overlay-opacity":"","overlay-gradient":""}},"footnotes":""},"class_list":["post-16931","page","type-page","status-publish","hentry"],"_links":{"self":[{"href":"https:\/\/fjolmenning.arborg.is\/en\/wp-json\/wp\/v2\/pages\/16931","targetHints":{"allow":["GET"]}}],"collection":[{"href":"https:\/\/fjolmenning.arborg.is\/en\/wp-json\/wp\/v2\/pages"}],"about":[{"href":"https:\/\/fjolmenning.arborg.is\/en\/wp-json\/wp\/v2\/types\/page"}],"author":[{"embeddable":true,"href":"https:\/\/fjolmenning.arborg.is\/en\/wp-json\/wp\/v2\/users\/4"}],"replies":[{"embeddable":true,"href":"https:\/\/fjolmenning.arborg.is\/en\/wp-json\/wp\/v2\/comments?post=16931"}],"version-history":[{"count":7,"href":"https:\/\/fjolmenning.arborg.is\/en\/wp-json\/wp\/v2\/pages\/16931\/revisions"}],"predecessor-version":[{"id":18249,"href":"https:\/\/fjolmenning.arborg.is\/en\/wp-json\/wp\/v2\/pages\/16931\/revisions\/18249"}],"up":[{"embeddable":true,"href":"https:\/\/fjolmenning.arborg.is\/en\/wp-json\/wp\/v2\/pages\/16506"}],"wp:attachment":[{"href":"https:\/\/fjolmenning.arborg.is\/en\/wp-json\/wp\/v2\/media?parent=16931"}],"curies":[{"name":"wp","href":"https:\/\/api.w.org\/{rel}","templated":true}]}}