{"id":16927,"date":"2020-11-11T10:36:09","date_gmt":"2020-11-11T10:36:09","guid":{"rendered":"https:\/\/fjolmenning.arborg.is\/?page_id=16927"},"modified":"2025-07-18T09:59:32","modified_gmt":"2025-07-18T09:59:32","slug":"straeto","status":"publish","type":"page","link":"https:\/\/fjolmenning.arborg.is\/en\/ibuar\/straeto\/","title":{"rendered":"Public transport"},"content":{"rendered":"<h1>\n\t\t\tPublic transport\t<\/h1>\n\t<p>Bus lines 51 and 52 pass through \u00c1rborg. Line 75 runs within the municipality of \u00c1rborg.<\/p>\n\t<p><strong>Note: It is free to ride the bus within \u00c1rborg (route 75) for all age groups.<\/strong><strong>\u00a0<\/strong><\/p>\n<p>Students residing in the Municipality of \u00c1rborg who are enrolled in a university or secondary school in the capital area will receive a 15% discount on bus fares if they purchase personal resident cards.<\/p>\n<p>Further information: <a href=\"https:\/\/www.arborg.is\/ibuar\/samgongur\/almenningssamgongur\/\" target=\"_blank\" rel=\"noopener\">https:\/\/www.arborg.is\/ibuar\/samgongur\/almenningssamgongur\/<\/a><\/p>","protected":false},"excerpt":{"rendered":"<p>Samg\u00f6ngur Str\u00e6t\u00f3lei\u00f0ir 51 og 52 eiga lei\u00f0 um \u00c1rborg.\u00a0 Lei\u00f0 75 gengur innan Sveitarf\u00e9lagsins \u00c1rborgar. Athugi\u00f0:\u00a0Fr\u00edtt er \u00ed str\u00e6t\u00f3 innan \u00c1rborgar (lei\u00f0 75) fyrir\u00a0alla aldursh\u00f3pa.\u00a0 N\u00e1msmenn, me\u00f0 l\u00f6gheimili \u00ed Sveitarf\u00e9laginu \u00c1rborg, sem skr\u00e1\u00f0ir eru \u00ed n\u00e1m vi\u00f0 h\u00e1sk\u00f3la e\u00f0a framhaldssk\u00f3la \u00e1 h\u00f6fu\u00f0borgarsv\u00e6\u00f0inu f\u00e1i 15% afsl\u00e1tt af fargj\u00f6ldum me\u00f0 str\u00e6t\u00f3, kaupi \u00feeir pers\u00f3nubundin \u00edb\u00faakort. N\u00e1nari uppl\u00fdsingar: [&hellip;]<\/p>\n","protected":false},"author":4,"featured_media":0,"parent":16503,"menu_order":0,"comment_status":"closed","ping_status":"closed","template":"","meta":{"inline_featured_image":false,"site-sidebar-layout":"no-sidebar","site-content-layout":"page-builder","ast-site-content-layout":"default","site-content-style":"default","site-sidebar-style":"default","ast-global-header-display":"","ast-banner-title-visibility":"","ast-main-header-display":"","ast-hfb-above-header-display":"","ast-hfb-below-header-display":"","ast-hfb-mobile-header-display":"","site-post-title":"disabled","ast-breadcrumbs-content":"","ast-featured-img":"disabled","footer-sml-layout":"","theme-transparent-header-meta":"default","adv-header-id-meta":"","stick-header-meta":"","header-above-stick-meta":"","header-main-stick-meta":"","header-below-stick-meta":"","astra-migrate-meta-layouts":"default","ast-page-background-enabled":"default","ast-page-background-meta":{"desktop":{"background-color":"","background-image":"","background-repeat":"repeat","background-position":"center center","background-size":"auto","background-attachment":"scroll","background-type":"","background-media":"","overlay-type":"","overlay-color":"","overlay-opacity":"","overlay-gradient":""},"tablet":{"background-color":"","background-image":"","background-repeat":"repeat","background-position":"center center","background-size":"auto","background-attachment":"scroll","background-type":"","background-media":"","overlay-type":"","overlay-color":"","overlay-opacity":"","overlay-gradient":""},"mobile":{"background-color":"","background-image":"","background-repeat":"repeat","background-position":"center center","background-size":"auto","background-attachment":"scroll","background-type":"","background-media":"","overlay-type":"","overlay-color":"","overlay-opacity":"","overlay-gradient":""}},"ast-content-background-meta":{"desktop":{"background-color":"var(--ast-global-color-5)","background-image":"","background-repeat":"repeat","background-position":"center center","background-size":"auto","background-attachment":"scroll","background-type":"","background-media":"","overlay-type":"","overlay-color":"","overlay-opacity":"","overlay-gradient":""},"tablet":{"background-color":"var(--ast-global-color-5)","background-image":"","background-repeat":"repeat","background-position":"center center","background-size":"auto","background-attachment":"scroll","background-type":"","background-media":"","overlay-type":"","overlay-color":"","overlay-opacity":"","overlay-gradient":""},"mobile":{"background-color":"var(--ast-global-color-5)","background-image":"","background-repeat":"repeat","background-position":"center center","background-size":"auto","background-attachment":"scroll","background-type":"","background-media":"","overlay-type":"","overlay-color":"","overlay-opacity":"","overlay-gradient":""}},"footnotes":""},"class_list":["post-16927","page","type-page","status-publish","hentry"],"_links":{"self":[{"href":"https:\/\/fjolmenning.arborg.is\/en\/wp-json\/wp\/v2\/pages\/16927","targetHints":{"allow":["GET"]}}],"collection":[{"href":"https:\/\/fjolmenning.arborg.is\/en\/wp-json\/wp\/v2\/pages"}],"about":[{"href":"https:\/\/fjolmenning.arborg.is\/en\/wp-json\/wp\/v2\/types\/page"}],"author":[{"embeddable":true,"href":"https:\/\/fjolmenning.arborg.is\/en\/wp-json\/wp\/v2\/users\/4"}],"replies":[{"embeddable":true,"href":"https:\/\/fjolmenning.arborg.is\/en\/wp-json\/wp\/v2\/comments?post=16927"}],"version-history":[{"count":10,"href":"https:\/\/fjolmenning.arborg.is\/en\/wp-json\/wp\/v2\/pages\/16927\/revisions"}],"predecessor-version":[{"id":18353,"href":"https:\/\/fjolmenning.arborg.is\/en\/wp-json\/wp\/v2\/pages\/16927\/revisions\/18353"}],"up":[{"embeddable":true,"href":"https:\/\/fjolmenning.arborg.is\/en\/wp-json\/wp\/v2\/pages\/16503"}],"wp:attachment":[{"href":"https:\/\/fjolmenning.arborg.is\/en\/wp-json\/wp\/v2\/media?parent=16927"}],"curies":[{"name":"wp","href":"https:\/\/api.w.org\/{rel}","templated":true}]}}