{"id":16925,"date":"2020-11-11T10:35:46","date_gmt":"2020-11-11T10:35:46","guid":{"rendered":"https:\/\/fjolmenning.arborg.is\/?page_id=16925"},"modified":"2025-07-16T13:44:24","modified_gmt":"2025-07-16T13:44:24","slug":"rafraent-skilriki","status":"publish","type":"page","link":"https:\/\/fjolmenning.arborg.is\/en\/samfelag\/rafraent-skilriki\/","title":{"rendered":"Rafr\u00e6nt skilr\u00edki"},"content":{"rendered":"<h1>\n\t\t\tRafr\u00e6nt skilr\u00edki\t<\/h1>\n\t<p>Rafr\u00e6n skilr\u00edki eru pers\u00f3nuskilr\u00edki sem notu\u00f0 eru \u00ed rafr\u00e6num heimi. \u00dea\u00f0 a\u00f0 au\u00f0kenna sig me\u00f0 rafr\u00e6num\u00a0skilr\u00edkjum\u00a0\u00e1 netinu jafngildir \u00fev\u00ed a\u00f0 framv\u00edsa pers\u00f3nuskilr\u00edkjum. Rafr\u00e6n skilr\u00edki er h\u00e6gt a\u00f0 nota til fullgildrar undirritunar og jafngildir h\u00fan eigin undirritun.\u00a0\u00a0<\/p>\n\t<p>Further information:\u00a0<a href=\"https:\/\/www.skilriki.is\/\" target=\"_blank\" rel=\"noreferrer noopener\">https:\/\/www.skilriki.is\/<\/a>\u00a0<\/p>","protected":false},"excerpt":{"rendered":"<p>Rafr\u00e6nt skilr\u00edki Rafr\u00e6n skilr\u00edki eru pers\u00f3nuskilr\u00edki sem notu\u00f0 eru \u00ed rafr\u00e6num heimi. \u00dea\u00f0 a\u00f0 au\u00f0kenna sig me\u00f0 rafr\u00e6num\u00a0skilr\u00edkjum\u00a0\u00e1 netinu jafngildir \u00fev\u00ed a\u00f0 framv\u00edsa pers\u00f3nuskilr\u00edkjum. Rafr\u00e6n skilr\u00edki er h\u00e6gt a\u00f0 nota til fullgildrar undirritunar og jafngildir h\u00fan eigin undirritun.\u00a0\u00a0 N\u00e1nari uppl\u00fdsingar:\u00a0https:\/\/www.skilriki.is\/\u00a0<\/p>","protected":false},"author":4,"featured_media":0,"parent":16506,"menu_order":0,"comment_status":"closed","ping_status":"closed","template":"","meta":{"inline_featured_image":false,"site-sidebar-layout":"no-sidebar","site-content-layout":"page-builder","ast-site-content-layout":"default","site-content-style":"default","site-sidebar-style":"default","ast-global-header-display":"","ast-banner-title-visibility":"","ast-main-header-display":"","ast-hfb-above-header-display":"","ast-hfb-below-header-display":"","ast-hfb-mobile-header-display":"","site-post-title":"disabled","ast-breadcrumbs-content":"","ast-featured-img":"disabled","footer-sml-layout":"","theme-transparent-header-meta":"default","adv-header-id-meta":"","stick-header-meta":"","header-above-stick-meta":"","header-main-stick-meta":"","header-below-stick-meta":"","astra-migrate-meta-layouts":"default","ast-page-background-enabled":"default","ast-page-background-meta":{"desktop":{"background-color":"","background-image":"","background-repeat":"repeat","background-position":"center center","background-size":"auto","background-attachment":"scroll","background-type":"","background-media":"","overlay-type":"","overlay-color":"","overlay-opacity":"","overlay-gradient":""},"tablet":{"background-color":"","background-image":"","background-repeat":"repeat","background-position":"center center","background-size":"auto","background-attachment":"scroll","background-type":"","background-media":"","overlay-type":"","overlay-color":"","overlay-opacity":"","overlay-gradient":""},"mobile":{"background-color":"","background-image":"","background-repeat":"repeat","background-position":"center center","background-size":"auto","background-attachment":"scroll","background-type":"","background-media":"","overlay-type":"","overlay-color":"","overlay-opacity":"","overlay-gradient":""}},"ast-content-background-meta":{"desktop":{"background-color":"var(--ast-global-color-5)","background-image":"","background-repeat":"repeat","background-position":"center center","background-size":"auto","background-attachment":"scroll","background-type":"","background-media":"","overlay-type":"","overlay-color":"","overlay-opacity":"","overlay-gradient":""},"tablet":{"background-color":"var(--ast-global-color-5)","background-image":"","background-repeat":"repeat","background-position":"center center","background-size":"auto","background-attachment":"scroll","background-type":"","background-media":"","overlay-type":"","overlay-color":"","overlay-opacity":"","overlay-gradient":""},"mobile":{"background-color":"var(--ast-global-color-5)","background-image":"","background-repeat":"repeat","background-position":"center center","background-size":"auto","background-attachment":"scroll","background-type":"","background-media":"","overlay-type":"","overlay-color":"","overlay-opacity":"","overlay-gradient":""}},"footnotes":""},"class_list":["post-16925","page","type-page","status-publish","hentry"],"_links":{"self":[{"href":"https:\/\/fjolmenning.arborg.is\/en\/wp-json\/wp\/v2\/pages\/16925","targetHints":{"allow":["GET"]}}],"collection":[{"href":"https:\/\/fjolmenning.arborg.is\/en\/wp-json\/wp\/v2\/pages"}],"about":[{"href":"https:\/\/fjolmenning.arborg.is\/en\/wp-json\/wp\/v2\/types\/page"}],"author":[{"embeddable":true,"href":"https:\/\/fjolmenning.arborg.is\/en\/wp-json\/wp\/v2\/users\/4"}],"replies":[{"embeddable":true,"href":"https:\/\/fjolmenning.arborg.is\/en\/wp-json\/wp\/v2\/comments?post=16925"}],"version-history":[{"count":4,"href":"https:\/\/fjolmenning.arborg.is\/en\/wp-json\/wp\/v2\/pages\/16925\/revisions"}],"predecessor-version":[{"id":18269,"href":"https:\/\/fjolmenning.arborg.is\/en\/wp-json\/wp\/v2\/pages\/16925\/revisions\/18269"}],"up":[{"embeddable":true,"href":"https:\/\/fjolmenning.arborg.is\/en\/wp-json\/wp\/v2\/pages\/16506"}],"wp:attachment":[{"href":"https:\/\/fjolmenning.arborg.is\/en\/wp-json\/wp\/v2\/media?parent=16925"}],"curies":[{"name":"wp","href":"https:\/\/api.w.org\/{rel}","templated":true}]}}