{"id":16921,"date":"2020-11-11T10:34:51","date_gmt":"2020-11-11T10:34:51","guid":{"rendered":"https:\/\/fjolmenning.arborg.is\/?page_id=16921"},"modified":"2025-07-16T13:44:01","modified_gmt":"2025-07-16T13:44:01","slug":"island-is","status":"publish","type":"page","link":"https:\/\/fjolmenning.arborg.is\/en\/samfelag\/island-is\/","title":{"rendered":"\u00cdsland.is"},"content":{"rendered":"<h1>\n\t\t\t\u00cdsland.is\t<\/h1>\n\t<p>\u00cdsland.is is a centralized portal for public services in Iceland. Here one can access information and enjoy a variety of services in public entities in one place through a single website.\u00a0<\/p>\n\t<p>The \u00cdsland.is main objective is that individuals can process their matters in the public sector electronically - anytime, anywhere and without delay. Individuals can also get detailed information about their matters and monitor their status.\u00a0<\/p>\n<p>Further information:\u00a0<a href=\"https:\/\/island.is\/en\" target=\"_blank\" rel=\"noopener\">https:\/\/island.is\/en<\/a>\u00a0<\/p>","protected":false},"excerpt":{"rendered":"<p>\u00cdsland.is \u00cdsland.is er uppl\u00fdsinga- og \u00fej\u00f3nustuveita opinberra a\u00f0ila \u00e1 \u00cdslandi. \u00dear getur f\u00f3lk fengi\u00f0 uppl\u00fdsingar og noti\u00f0 margv\u00edslegrar \u00fej\u00f3nustu hj\u00e1 opinberum a\u00f0ilum \u00e1 einum sta\u00f0 \u00ed gegnum eina g\u00e1tt.\u00a0 Meginmarkmi\u00f0 \u00cdsland.is er a\u00f0 einstaklingar\u00a0 geti afgreitt erindi s\u00edn vi\u00f0 stj\u00f3rns\u00fdslu r\u00edkis og sveitarf\u00e9laga, hven\u00e6r sem er, hvar sem er og \u00e1n tafar. Einnig geti einstaklingar [&hellip;]<\/p>\n","protected":false},"author":4,"featured_media":0,"parent":16506,"menu_order":0,"comment_status":"closed","ping_status":"closed","template":"","meta":{"inline_featured_image":false,"site-sidebar-layout":"no-sidebar","site-content-layout":"page-builder","ast-site-content-layout":"default","site-content-style":"default","site-sidebar-style":"default","ast-global-header-display":"","ast-banner-title-visibility":"","ast-main-header-display":"","ast-hfb-above-header-display":"","ast-hfb-below-header-display":"","ast-hfb-mobile-header-display":"","site-post-title":"disabled","ast-breadcrumbs-content":"","ast-featured-img":"disabled","footer-sml-layout":"","theme-transparent-header-meta":"default","adv-header-id-meta":"","stick-header-meta":"","header-above-stick-meta":"","header-main-stick-meta":"","header-below-stick-meta":"","astra-migrate-meta-layouts":"default","ast-page-background-enabled":"default","ast-page-background-meta":{"desktop":{"background-color":"","background-image":"","background-repeat":"repeat","background-position":"center center","background-size":"auto","background-attachment":"scroll","background-type":"","background-media":"","overlay-type":"","overlay-color":"","overlay-opacity":"","overlay-gradient":""},"tablet":{"background-color":"","background-image":"","background-repeat":"repeat","background-position":"center center","background-size":"auto","background-attachment":"scroll","background-type":"","background-media":"","overlay-type":"","overlay-color":"","overlay-opacity":"","overlay-gradient":""},"mobile":{"background-color":"","background-image":"","background-repeat":"repeat","background-position":"center center","background-size":"auto","background-attachment":"scroll","background-type":"","background-media":"","overlay-type":"","overlay-color":"","overlay-opacity":"","overlay-gradient":""}},"ast-content-background-meta":{"desktop":{"background-color":"var(--ast-global-color-5)","background-image":"","background-repeat":"repeat","background-position":"center center","background-size":"auto","background-attachment":"scroll","background-type":"","background-media":"","overlay-type":"","overlay-color":"","overlay-opacity":"","overlay-gradient":""},"tablet":{"background-color":"var(--ast-global-color-5)","background-image":"","background-repeat":"repeat","background-position":"center center","background-size":"auto","background-attachment":"scroll","background-type":"","background-media":"","overlay-type":"","overlay-color":"","overlay-opacity":"","overlay-gradient":""},"mobile":{"background-color":"var(--ast-global-color-5)","background-image":"","background-repeat":"repeat","background-position":"center center","background-size":"auto","background-attachment":"scroll","background-type":"","background-media":"","overlay-type":"","overlay-color":"","overlay-opacity":"","overlay-gradient":""}},"footnotes":""},"class_list":["post-16921","page","type-page","status-publish","hentry"],"_links":{"self":[{"href":"https:\/\/fjolmenning.arborg.is\/en\/wp-json\/wp\/v2\/pages\/16921","targetHints":{"allow":["GET"]}}],"collection":[{"href":"https:\/\/fjolmenning.arborg.is\/en\/wp-json\/wp\/v2\/pages"}],"about":[{"href":"https:\/\/fjolmenning.arborg.is\/en\/wp-json\/wp\/v2\/types\/page"}],"author":[{"embeddable":true,"href":"https:\/\/fjolmenning.arborg.is\/en\/wp-json\/wp\/v2\/users\/4"}],"replies":[{"embeddable":true,"href":"https:\/\/fjolmenning.arborg.is\/en\/wp-json\/wp\/v2\/comments?post=16921"}],"version-history":[{"count":4,"href":"https:\/\/fjolmenning.arborg.is\/en\/wp-json\/wp\/v2\/pages\/16921\/revisions"}],"predecessor-version":[{"id":18267,"href":"https:\/\/fjolmenning.arborg.is\/en\/wp-json\/wp\/v2\/pages\/16921\/revisions\/18267"}],"up":[{"embeddable":true,"href":"https:\/\/fjolmenning.arborg.is\/en\/wp-json\/wp\/v2\/pages\/16506"}],"wp:attachment":[{"href":"https:\/\/fjolmenning.arborg.is\/en\/wp-json\/wp\/v2\/media?parent=16921"}],"curies":[{"name":"wp","href":"https:\/\/api.w.org\/{rel}","templated":true}]}}