{"id":16903,"date":"2020-11-10T10:26:16","date_gmt":"2020-11-10T10:26:16","guid":{"rendered":"https:\/\/fjolmenning.arborg.is\/?page_id=16903"},"modified":"2025-07-16T13:32:22","modified_gmt":"2025-07-16T13:32:22","slug":"syslumadurinn","status":"publish","type":"page","link":"https:\/\/fjolmenning.arborg.is\/en\/samfelag\/syslumadurinn\/","title":{"rendered":"District commissioner"},"content":{"rendered":"<h1>\n\t\t\tDistrict commissioner \t<\/h1>\n\t<p>S\u00fdslumenn sj\u00e1 m.a. um\u00a0m\u00e1lefni sem var\u00f0a fj\u00f6lskyldur og fj\u00f6lskyldutengsl\u00a0eins og hj\u00f3nav\u00edgslur, forsj\u00e1, hj\u00f3naskilna\u00f0ir,\u00a0fa\u00f0erni,\u00a0me\u00f0lag og\u00a0\u00e6ttlei\u00f0ingar. S\u00fdslumenn gefa \u00fat e\u00f0a afgrei\u00f0a sk\u00edrteini\u00a0\u00e1 bor\u00f0 vi\u00f0 sakavottor\u00f0 og \u00f6kusk\u00edrteini. \u00de\u00f3 a\u00f0 \u00dej\u00f3\u00f0skr\u00e1 gefur \u00fat \u00edslensk vegabr\u00e9f\u00a0s\u00e6kja\u00a0m\u00e1 um \u00feau \u00e1 skrifstofum allra s\u00fdslumanna.\u00a0\u00a0\u00a0<\/p>\n\t<p>\u00cdb\u00faar \u00c1rborgar geta fengi\u00f0\u00a0n\u00e1nari\u00a0uppl\u00fdsingar\u00a0um alla \u00fej\u00f3nustu\u00a0hj\u00e1\u00a0S\u00fdslumanninum\u00a0\u00e1 Su\u00f0urlandi:\u00a0<\/p>\n<p><a href=\"https:\/\/www.syslumenn.is\/embaettin\/embaetti-og-umdaemi\/syslumadurinn-a-sudurlandi\/syslumadurinn-a-sudurlandi\" target=\"_blank\" rel=\"noreferrer noopener\">https:\/\/www.syslumenn.is\/embaettin\/embaetti-og-umdaemi\/syslumadurinn-a-sudurlandi\/syslumadurinn-a-sudurlandi<\/a>\u00a0<\/p>","protected":false},"excerpt":{"rendered":"<p>S\u00fdsluma\u00f0urinn S\u00fdslumenn sj\u00e1 m.a. um\u00a0m\u00e1lefni sem var\u00f0a fj\u00f6lskyldur og fj\u00f6lskyldutengsl\u00a0eins og hj\u00f3nav\u00edgslur, forsj\u00e1, hj\u00f3naskilna\u00f0ir,\u00a0fa\u00f0erni,\u00a0me\u00f0lag og\u00a0\u00e6ttlei\u00f0ingar. S\u00fdslumenn gefa \u00fat e\u00f0a afgrei\u00f0a sk\u00edrteini\u00a0\u00e1 bor\u00f0 vi\u00f0 sakavottor\u00f0 og \u00f6kusk\u00edrteini. \u00de\u00f3 a\u00f0 \u00dej\u00f3\u00f0skr\u00e1 gefur \u00fat \u00edslensk vegabr\u00e9f\u00a0s\u00e6kja\u00a0m\u00e1 um \u00feau \u00e1 skrifstofum allra s\u00fdslumanna.\u00a0\u00a0\u00a0 \u00cdb\u00faar \u00c1rborgar geta fengi\u00f0\u00a0n\u00e1nari\u00a0uppl\u00fdsingar\u00a0um alla \u00fej\u00f3nustu\u00a0hj\u00e1\u00a0S\u00fdslumanninum\u00a0\u00e1 Su\u00f0urlandi:\u00a0 https:\/\/www.syslumenn.is\/embaettin\/embaetti-og-umdaemi\/syslumadurinn-a-sudurlandi\/syslumadurinn-a-sudurlandi\u00a0<\/p>","protected":false},"author":4,"featured_media":0,"parent":16506,"menu_order":0,"comment_status":"closed","ping_status":"closed","template":"","meta":{"inline_featured_image":false,"site-sidebar-layout":"no-sidebar","site-content-layout":"page-builder","ast-site-content-layout":"default","site-content-style":"default","site-sidebar-style":"default","ast-global-header-display":"","ast-banner-title-visibility":"","ast-main-header-display":"","ast-hfb-above-header-display":"","ast-hfb-below-header-display":"","ast-hfb-mobile-header-display":"","site-post-title":"disabled","ast-breadcrumbs-content":"","ast-featured-img":"disabled","footer-sml-layout":"","theme-transparent-header-meta":"default","adv-header-id-meta":"","stick-header-meta":"","header-above-stick-meta":"","header-main-stick-meta":"","header-below-stick-meta":"","astra-migrate-meta-layouts":"default","ast-page-background-enabled":"default","ast-page-background-meta":{"desktop":{"background-color":"","background-image":"","background-repeat":"repeat","background-position":"center center","background-size":"auto","background-attachment":"scroll","background-type":"","background-media":"","overlay-type":"","overlay-color":"","overlay-opacity":"","overlay-gradient":""},"tablet":{"background-color":"","background-image":"","background-repeat":"repeat","background-position":"center center","background-size":"auto","background-attachment":"scroll","background-type":"","background-media":"","overlay-type":"","overlay-color":"","overlay-opacity":"","overlay-gradient":""},"mobile":{"background-color":"","background-image":"","background-repeat":"repeat","background-position":"center center","background-size":"auto","background-attachment":"scroll","background-type":"","background-media":"","overlay-type":"","overlay-color":"","overlay-opacity":"","overlay-gradient":""}},"ast-content-background-meta":{"desktop":{"background-color":"var(--ast-global-color-5)","background-image":"","background-repeat":"repeat","background-position":"center center","background-size":"auto","background-attachment":"scroll","background-type":"","background-media":"","overlay-type":"","overlay-color":"","overlay-opacity":"","overlay-gradient":""},"tablet":{"background-color":"var(--ast-global-color-5)","background-image":"","background-repeat":"repeat","background-position":"center center","background-size":"auto","background-attachment":"scroll","background-type":"","background-media":"","overlay-type":"","overlay-color":"","overlay-opacity":"","overlay-gradient":""},"mobile":{"background-color":"var(--ast-global-color-5)","background-image":"","background-repeat":"repeat","background-position":"center center","background-size":"auto","background-attachment":"scroll","background-type":"","background-media":"","overlay-type":"","overlay-color":"","overlay-opacity":"","overlay-gradient":""}},"footnotes":""},"class_list":["post-16903","page","type-page","status-publish","hentry"],"_links":{"self":[{"href":"https:\/\/fjolmenning.arborg.is\/en\/wp-json\/wp\/v2\/pages\/16903","targetHints":{"allow":["GET"]}}],"collection":[{"href":"https:\/\/fjolmenning.arborg.is\/en\/wp-json\/wp\/v2\/pages"}],"about":[{"href":"https:\/\/fjolmenning.arborg.is\/en\/wp-json\/wp\/v2\/types\/page"}],"author":[{"embeddable":true,"href":"https:\/\/fjolmenning.arborg.is\/en\/wp-json\/wp\/v2\/users\/4"}],"replies":[{"embeddable":true,"href":"https:\/\/fjolmenning.arborg.is\/en\/wp-json\/wp\/v2\/comments?post=16903"}],"version-history":[{"count":4,"href":"https:\/\/fjolmenning.arborg.is\/en\/wp-json\/wp\/v2\/pages\/16903\/revisions"}],"predecessor-version":[{"id":18246,"href":"https:\/\/fjolmenning.arborg.is\/en\/wp-json\/wp\/v2\/pages\/16903\/revisions\/18246"}],"up":[{"embeddable":true,"href":"https:\/\/fjolmenning.arborg.is\/en\/wp-json\/wp\/v2\/pages\/16506"}],"wp:attachment":[{"href":"https:\/\/fjolmenning.arborg.is\/en\/wp-json\/wp\/v2\/media?parent=16903"}],"curies":[{"name":"wp","href":"https:\/\/api.w.org\/{rel}","templated":true}]}}