{"id":16890,"date":"2020-11-10T10:21:06","date_gmt":"2020-11-10T10:21:06","guid":{"rendered":"https:\/\/fjolmenning.arborg.is\/?page_id=16890"},"modified":"2025-07-16T13:31:03","modified_gmt":"2025-07-16T13:31:03","slug":"rettur-thinn","status":"publish","type":"page","link":"https:\/\/fjolmenning.arborg.is\/en\/samfelag\/rettur-thinn\/","title":{"rendered":"Your rights"},"content":{"rendered":"<h1>\n\t\t\tYour rights \t<\/h1>\n\t<p class=\"translation-block\">The Directorate of Equality (Jafnr\u00e9ttisstofa) publishes the booklet Your Rights (R\u00e9ttur \u00feinn), which contains important information for immigrants in Iceland.<\/p>\n\t<p>The booklet contains useful information on the rights of people in Iceland when it comes to intimate relationships, for example marriage, cohabitation, divorce and cohabitation, pregnancy, prenatal care, pregnancy termination, child custody, access rights, violence in intimate relationships, trafficking, prostitution, pressing charges, legal aid and residence permits. There are also references to further information on assistance, such as telephone numbers, addresses and websites of various agencies and NGOs. The booklet is published in Icelandic, English, Polish, Spanish, Thai, Russian, Arabic and French.<\/p>\n<p>Further information: <a href=\"https:\/\/www.jafnretti.is\/is\/samfelag-og-vinnumarkadur\/rettur-thinn\/rettur-thinn-mikilvaegar-upplysingar-fyrir-innflytjendur-a-islandi\" target=\"_blank\" rel=\"noopener\">https:\/\/www.jafnretti.is\/is\/samfelag-og-vinnumarkadur\/rettur-thinn\/rettur-thinn-mikilvaegar-upplysingar-fyrir-innflytjendur-a-islandi<\/a><\/p>","protected":false},"excerpt":{"rendered":"<p>R\u00e9ttur \u00feinn Jafnr\u00e9ttisstofa gefur \u00fat b\u00e6klinginn R\u00e9ttur \u00feinn en \u00ed honum er a\u00f0 finna mikilv\u00e6gar uppl\u00fdsingar fyrir innflytjendur \u00e1 \u00cdslandi. \u00cd b\u00e6klingnum er fjalla\u00f0 um r\u00e9ttindi f\u00f3lks \u00e1 \u00cdslandi \u00feegar kemur a\u00f0 n\u00e1num samb\u00f6ndum og samskiptum, til d\u00e6mis hj\u00f3naband, samb\u00fa\u00f0, skilna\u00f0 og samb\u00fa\u00f0arslit, \u00feungun, m\u00e6\u00f0ravernd, \u00feungunarrof, forsj\u00e1 barna, umgengnisr\u00e9tt, ofbeldi \u00ed n\u00e1num samb\u00f6ndum, mansal, v\u00e6ndi, [&hellip;]<\/p>\n","protected":false},"author":4,"featured_media":0,"parent":16506,"menu_order":0,"comment_status":"closed","ping_status":"closed","template":"","meta":{"inline_featured_image":false,"site-sidebar-layout":"no-sidebar","site-content-layout":"page-builder","ast-site-content-layout":"default","site-content-style":"default","site-sidebar-style":"default","ast-global-header-display":"","ast-banner-title-visibility":"","ast-main-header-display":"","ast-hfb-above-header-display":"","ast-hfb-below-header-display":"","ast-hfb-mobile-header-display":"","site-post-title":"disabled","ast-breadcrumbs-content":"","ast-featured-img":"disabled","footer-sml-layout":"","theme-transparent-header-meta":"default","adv-header-id-meta":"","stick-header-meta":"","header-above-stick-meta":"","header-main-stick-meta":"","header-below-stick-meta":"","astra-migrate-meta-layouts":"default","ast-page-background-enabled":"default","ast-page-background-meta":{"desktop":{"background-color":"","background-image":"","background-repeat":"repeat","background-position":"center center","background-size":"auto","background-attachment":"scroll","background-type":"","background-media":"","overlay-type":"","overlay-color":"","overlay-opacity":"","overlay-gradient":""},"tablet":{"background-color":"","background-image":"","background-repeat":"repeat","background-position":"center center","background-size":"auto","background-attachment":"scroll","background-type":"","background-media":"","overlay-type":"","overlay-color":"","overlay-opacity":"","overlay-gradient":""},"mobile":{"background-color":"","background-image":"","background-repeat":"repeat","background-position":"center center","background-size":"auto","background-attachment":"scroll","background-type":"","background-media":"","overlay-type":"","overlay-color":"","overlay-opacity":"","overlay-gradient":""}},"ast-content-background-meta":{"desktop":{"background-color":"var(--ast-global-color-5)","background-image":"","background-repeat":"repeat","background-position":"center center","background-size":"auto","background-attachment":"scroll","background-type":"","background-media":"","overlay-type":"","overlay-color":"","overlay-opacity":"","overlay-gradient":""},"tablet":{"background-color":"var(--ast-global-color-5)","background-image":"","background-repeat":"repeat","background-position":"center center","background-size":"auto","background-attachment":"scroll","background-type":"","background-media":"","overlay-type":"","overlay-color":"","overlay-opacity":"","overlay-gradient":""},"mobile":{"background-color":"var(--ast-global-color-5)","background-image":"","background-repeat":"repeat","background-position":"center center","background-size":"auto","background-attachment":"scroll","background-type":"","background-media":"","overlay-type":"","overlay-color":"","overlay-opacity":"","overlay-gradient":""}},"footnotes":""},"class_list":["post-16890","page","type-page","status-publish","hentry"],"_links":{"self":[{"href":"https:\/\/fjolmenning.arborg.is\/en\/wp-json\/wp\/v2\/pages\/16890","targetHints":{"allow":["GET"]}}],"collection":[{"href":"https:\/\/fjolmenning.arborg.is\/en\/wp-json\/wp\/v2\/pages"}],"about":[{"href":"https:\/\/fjolmenning.arborg.is\/en\/wp-json\/wp\/v2\/types\/page"}],"author":[{"embeddable":true,"href":"https:\/\/fjolmenning.arborg.is\/en\/wp-json\/wp\/v2\/users\/4"}],"replies":[{"embeddable":true,"href":"https:\/\/fjolmenning.arborg.is\/en\/wp-json\/wp\/v2\/comments?post=16890"}],"version-history":[{"count":7,"href":"https:\/\/fjolmenning.arborg.is\/en\/wp-json\/wp\/v2\/pages\/16890\/revisions"}],"predecessor-version":[{"id":18240,"href":"https:\/\/fjolmenning.arborg.is\/en\/wp-json\/wp\/v2\/pages\/16890\/revisions\/18240"}],"up":[{"embeddable":true,"href":"https:\/\/fjolmenning.arborg.is\/en\/wp-json\/wp\/v2\/pages\/16506"}],"wp:attachment":[{"href":"https:\/\/fjolmenning.arborg.is\/en\/wp-json\/wp\/v2\/media?parent=16890"}],"curies":[{"name":"wp","href":"https:\/\/api.w.org\/{rel}","templated":true}]}}