{"id":16877,"date":"2020-11-10T08:37:04","date_gmt":"2020-11-10T08:37:04","guid":{"rendered":"https:\/\/fjolmenning.arborg.is\/?page_id=16877"},"modified":"2025-07-18T09:51:07","modified_gmt":"2025-07-18T09:51:07","slug":"tannlaeknathjonusta","status":"publish","type":"page","link":"https:\/\/fjolmenning.arborg.is\/en\/heilsa\/tannlaeknathjonusta\/","title":{"rendered":"Dental care"},"content":{"rendered":"<h1>\n\t\t\tDental care\t<\/h1>\n\t<p>Sj\u00fakratryggingar \u00cdslands endurgrei\u00f0a hluta kostna\u00f0ar vegna tannl\u00e6kninga 67 \u00e1ra og eldri og fyrir l\u00edfeyris\u00feega. Fullor\u00f0nir, heilbrig\u00f0ir einstaklingar, fr\u00e1 18 \u00e1ra til 67 \u00e1ra, grei\u00f0a fyrir tannl\u00e6kningar s\u00ednar a\u00f0 fullu.\u00a0Tannl\u00e6kningum er einungis sinnt \u00e1 einkastofum tannl\u00e6kna.\u00a0\u00a0<\/p>\n\t<p>Further information: <a href=\"https:\/\/island.is\/s\/sjukratryggingar\/tannlaekningar\" target=\"_blank\" rel=\"noopener\">https:\/\/island.is\/s\/sjukratryggingar\/tannlaekningar<\/a><\/p>\n<p>Further information in English:\u00a0<a href=\"https:\/\/island.is\/en\/o\/iceland-health\/dentistry\" target=\"_blank\" rel=\"noopener\">https:\/\/island.is\/en\/o\/iceland-health\/dentistry<\/a><\/p>\n<p><b>Children's dental care<\/b>\u00a0<\/p>\n<p>B\u00f6rn \u00e1 aldrinum til 18 \u00e1ra f\u00e1 alla nau\u00f0synlega almenna tannl\u00e6kna\u00fej\u00f3nustu og grei\u00f0a a\u00f0eins fast komugjald einu sinni \u00e1 \u00e1ri, 3.500 kr. Forsenda grei\u00f0slu\u00fe\u00e1ttt\u00f6ku Sj\u00fakratrygginga er a\u00f0 barni\u00f0 hafi heimilistannl\u00e6kni og foreldrar bera \u00e1byrg\u00f0 \u00e1 t\u00edmap\u00f6ntun hj\u00e1 tannl\u00e6kni.\u00a0<\/p>\n<p>Dentists can also complete the registration upon arrival to an appointment. Parents\/guardians are encouraged to make an appointment for the first dental exam when the child is two years old.<\/p>\n<p>Further information about children's dental care: <a href=\"https:\/\/island.is\/tannlaekningar\" target=\"_blank\" rel=\"noopener\">https:\/\/island.is\/tannlaekningar<\/a><\/p>","protected":false},"excerpt":{"rendered":"<p>Tannl\u00e6kna\u00fej\u00f3nusta Sj\u00fakratryggingar \u00cdslands endurgrei\u00f0a hluta kostna\u00f0ar vegna tannl\u00e6kninga 67 \u00e1ra og eldri og fyrir l\u00edfeyris\u00feega. Fullor\u00f0nir, heilbrig\u00f0ir einstaklingar, fr\u00e1 18 \u00e1ra til 67 \u00e1ra, grei\u00f0a fyrir tannl\u00e6kningar s\u00ednar a\u00f0 fullu.\u00a0Tannl\u00e6kningum er einungis sinnt \u00e1 einkastofum tannl\u00e6kna.\u00a0\u00a0 N\u00e1nari uppl\u00fdsingar: https:\/\/island.is\/s\/sjukratryggingar\/tannlaekningar N\u00e1nari uppl\u00fdsingar \u00e1 ensku:\u00a0https:\/\/island.is\/en\/o\/iceland-health\/dentistry Tannl\u00e6kningar barna\u00a0 B\u00f6rn \u00e1 aldrinum til 18 \u00e1ra f\u00e1 alla nau\u00f0synlega almenna [&hellip;]<\/p>\n","protected":false},"author":5,"featured_media":0,"parent":16512,"menu_order":0,"comment_status":"closed","ping_status":"closed","template":"","meta":{"inline_featured_image":false,"site-sidebar-layout":"no-sidebar","site-content-layout":"page-builder","ast-site-content-layout":"default","site-content-style":"default","site-sidebar-style":"default","ast-global-header-display":"","ast-banner-title-visibility":"","ast-main-header-display":"","ast-hfb-above-header-display":"","ast-hfb-below-header-display":"","ast-hfb-mobile-header-display":"","site-post-title":"disabled","ast-breadcrumbs-content":"","ast-featured-img":"disabled","footer-sml-layout":"","theme-transparent-header-meta":"default","adv-header-id-meta":"","stick-header-meta":"","header-above-stick-meta":"","header-main-stick-meta":"","header-below-stick-meta":"","astra-migrate-meta-layouts":"default","ast-page-background-enabled":"default","ast-page-background-meta":{"desktop":{"background-color":"","background-image":"","background-repeat":"repeat","background-position":"center center","background-size":"auto","background-attachment":"scroll","background-type":"","background-media":"","overlay-type":"","overlay-color":"","overlay-opacity":"","overlay-gradient":""},"tablet":{"background-color":"","background-image":"","background-repeat":"repeat","background-position":"center center","background-size":"auto","background-attachment":"scroll","background-type":"","background-media":"","overlay-type":"","overlay-color":"","overlay-opacity":"","overlay-gradient":""},"mobile":{"background-color":"","background-image":"","background-repeat":"repeat","background-position":"center center","background-size":"auto","background-attachment":"scroll","background-type":"","background-media":"","overlay-type":"","overlay-color":"","overlay-opacity":"","overlay-gradient":""}},"ast-content-background-meta":{"desktop":{"background-color":"var(--ast-global-color-5)","background-image":"","background-repeat":"repeat","background-position":"center center","background-size":"auto","background-attachment":"scroll","background-type":"","background-media":"","overlay-type":"","overlay-color":"","overlay-opacity":"","overlay-gradient":""},"tablet":{"background-color":"var(--ast-global-color-5)","background-image":"","background-repeat":"repeat","background-position":"center center","background-size":"auto","background-attachment":"scroll","background-type":"","background-media":"","overlay-type":"","overlay-color":"","overlay-opacity":"","overlay-gradient":""},"mobile":{"background-color":"var(--ast-global-color-5)","background-image":"","background-repeat":"repeat","background-position":"center center","background-size":"auto","background-attachment":"scroll","background-type":"","background-media":"","overlay-type":"","overlay-color":"","overlay-opacity":"","overlay-gradient":""}},"footnotes":""},"class_list":["post-16877","page","type-page","status-publish","hentry"],"_links":{"self":[{"href":"https:\/\/fjolmenning.arborg.is\/en\/wp-json\/wp\/v2\/pages\/16877","targetHints":{"allow":["GET"]}}],"collection":[{"href":"https:\/\/fjolmenning.arborg.is\/en\/wp-json\/wp\/v2\/pages"}],"about":[{"href":"https:\/\/fjolmenning.arborg.is\/en\/wp-json\/wp\/v2\/types\/page"}],"author":[{"embeddable":true,"href":"https:\/\/fjolmenning.arborg.is\/en\/wp-json\/wp\/v2\/users\/5"}],"replies":[{"embeddable":true,"href":"https:\/\/fjolmenning.arborg.is\/en\/wp-json\/wp\/v2\/comments?post=16877"}],"version-history":[{"count":12,"href":"https:\/\/fjolmenning.arborg.is\/en\/wp-json\/wp\/v2\/pages\/16877\/revisions"}],"predecessor-version":[{"id":18351,"href":"https:\/\/fjolmenning.arborg.is\/en\/wp-json\/wp\/v2\/pages\/16877\/revisions\/18351"}],"up":[{"embeddable":true,"href":"https:\/\/fjolmenning.arborg.is\/en\/wp-json\/wp\/v2\/pages\/16512"}],"wp:attachment":[{"href":"https:\/\/fjolmenning.arborg.is\/en\/wp-json\/wp\/v2\/media?parent=16877"}],"curies":[{"name":"wp","href":"https:\/\/api.w.org\/{rel}","templated":true}]}}