{"id":16874,"date":"2020-11-10T08:35:53","date_gmt":"2020-11-10T08:35:53","guid":{"rendered":"https:\/\/fjolmenning.arborg.is\/?page_id=16874"},"modified":"2025-07-18T09:50:14","modified_gmt":"2025-07-18T09:50:14","slug":"sjukratryggingar-islands","status":"publish","type":"page","link":"https:\/\/fjolmenning.arborg.is\/en\/heilsa\/sjukratryggingar-islands\/","title":{"rendered":"Icelandic Health Insurance"},"content":{"rendered":"<h1>\n\t\t\tIcelandic Health Insurance\t<\/h1>\n\t<p class=\"translation-block\">The role of Icelandic Health Insurance (Sj\u00fakratryggingar \u00cdslands) is to ensure rights of all individuals who are members of the Icelandic social insurance system and provide access to good and affordable health care.<\/p>\n\t<p>Further information:\u00a0\u00a0<a href=\"https:\/\/island.is\/s\/sjukratryggingar\" target=\"_blank\" rel=\"noopener\">https:\/\/island.is\/s\/sjukratryggingar<\/a><\/p>","protected":false},"excerpt":{"rendered":"<p>Sj\u00fakratryggingar \u00cdslands Hlutverk Sj\u00fakratrygginga \u00cdslands er a\u00f0 tryggja r\u00e9ttindi\u00a0sj\u00fakratrygg\u00f0ra\u00a0og a\u00f0gengi a\u00f0 g\u00f3\u00f0ri og hagkv\u00e6mri heilbrig\u00f0is\u00fej\u00f3nustu. N\u00e1nari uppl\u00fdsingar:\u00a0\u00a0https:\/\/island.is\/s\/sjukratryggingar<\/p>","protected":false},"author":5,"featured_media":0,"parent":16512,"menu_order":0,"comment_status":"closed","ping_status":"closed","template":"","meta":{"inline_featured_image":false,"site-sidebar-layout":"no-sidebar","site-content-layout":"page-builder","ast-site-content-layout":"default","site-content-style":"default","site-sidebar-style":"default","ast-global-header-display":"","ast-banner-title-visibility":"","ast-main-header-display":"","ast-hfb-above-header-display":"","ast-hfb-below-header-display":"","ast-hfb-mobile-header-display":"","site-post-title":"disabled","ast-breadcrumbs-content":"","ast-featured-img":"disabled","footer-sml-layout":"","theme-transparent-header-meta":"default","adv-header-id-meta":"","stick-header-meta":"","header-above-stick-meta":"","header-main-stick-meta":"","header-below-stick-meta":"","astra-migrate-meta-layouts":"default","ast-page-background-enabled":"default","ast-page-background-meta":{"desktop":{"background-color":"","background-image":"","background-repeat":"repeat","background-position":"center center","background-size":"auto","background-attachment":"scroll","background-type":"","background-media":"","overlay-type":"","overlay-color":"","overlay-opacity":"","overlay-gradient":""},"tablet":{"background-color":"","background-image":"","background-repeat":"repeat","background-position":"center center","background-size":"auto","background-attachment":"scroll","background-type":"","background-media":"","overlay-type":"","overlay-color":"","overlay-opacity":"","overlay-gradient":""},"mobile":{"background-color":"","background-image":"","background-repeat":"repeat","background-position":"center center","background-size":"auto","background-attachment":"scroll","background-type":"","background-media":"","overlay-type":"","overlay-color":"","overlay-opacity":"","overlay-gradient":""}},"ast-content-background-meta":{"desktop":{"background-color":"var(--ast-global-color-5)","background-image":"","background-repeat":"repeat","background-position":"center center","background-size":"auto","background-attachment":"scroll","background-type":"","background-media":"","overlay-type":"","overlay-color":"","overlay-opacity":"","overlay-gradient":""},"tablet":{"background-color":"var(--ast-global-color-5)","background-image":"","background-repeat":"repeat","background-position":"center center","background-size":"auto","background-attachment":"scroll","background-type":"","background-media":"","overlay-type":"","overlay-color":"","overlay-opacity":"","overlay-gradient":""},"mobile":{"background-color":"var(--ast-global-color-5)","background-image":"","background-repeat":"repeat","background-position":"center center","background-size":"auto","background-attachment":"scroll","background-type":"","background-media":"","overlay-type":"","overlay-color":"","overlay-opacity":"","overlay-gradient":""}},"footnotes":""},"class_list":["post-16874","page","type-page","status-publish","hentry"],"_links":{"self":[{"href":"https:\/\/fjolmenning.arborg.is\/en\/wp-json\/wp\/v2\/pages\/16874","targetHints":{"allow":["GET"]}}],"collection":[{"href":"https:\/\/fjolmenning.arborg.is\/en\/wp-json\/wp\/v2\/pages"}],"about":[{"href":"https:\/\/fjolmenning.arborg.is\/en\/wp-json\/wp\/v2\/types\/page"}],"author":[{"embeddable":true,"href":"https:\/\/fjolmenning.arborg.is\/en\/wp-json\/wp\/v2\/users\/5"}],"replies":[{"embeddable":true,"href":"https:\/\/fjolmenning.arborg.is\/en\/wp-json\/wp\/v2\/comments?post=16874"}],"version-history":[{"count":7,"href":"https:\/\/fjolmenning.arborg.is\/en\/wp-json\/wp\/v2\/pages\/16874\/revisions"}],"predecessor-version":[{"id":18350,"href":"https:\/\/fjolmenning.arborg.is\/en\/wp-json\/wp\/v2\/pages\/16874\/revisions\/18350"}],"up":[{"embeddable":true,"href":"https:\/\/fjolmenning.arborg.is\/en\/wp-json\/wp\/v2\/pages\/16512"}],"wp:attachment":[{"href":"https:\/\/fjolmenning.arborg.is\/en\/wp-json\/wp\/v2\/media?parent=16874"}],"curies":[{"name":"wp","href":"https:\/\/api.w.org\/{rel}","templated":true}]}}