{"id":16871,"date":"2020-11-10T08:33:58","date_gmt":"2020-11-10T08:33:58","guid":{"rendered":"https:\/\/fjolmenning.arborg.is\/?page_id=16871"},"modified":"2025-07-16T14:52:09","modified_gmt":"2025-07-16T14:52:09","slug":"virk","status":"publish","type":"page","link":"https:\/\/fjolmenning.arborg.is\/en\/heilsa\/virk\/","title":{"rendered":"VIRK"},"content":{"rendered":"<h1>\n\t\t\tVIRK\t<\/h1>\n\t<p>Hlutverk VIRK er a\u00f0 efla starfsgetu einstaklinga me\u00f0\u00a0heilsubrest\u00a0sem stefna a\u00f0 aukinni \u00fe\u00e1ttt\u00f6ku \u00e1\u00a0vinnumarka\u00f0i. Tilgangur\u00a0me\u00f0 \u00fej\u00f3nustu \u00e1 vegum VIRK er a\u00f0 a\u00f0sto\u00f0a f\u00f3lk vi\u00f0 a\u00f0 komast til vinnu.\u00a0\u00a0<\/p>\n\t<p>Emphasis is on purposeful and personalised counselling and service in the field of vocational rehabilitation that requires which requires the individual\u2019s full participation.\u00a0\u00a0<\/p>\n<p>A person who wishes to receive assistance from VIRK must book an appointment with his\/her doctor to check if the vocational rehabilitation at VIRK is a realistic option.\u00a0<\/p>\n<p>Further information:\u00a0<a href=\"https:\/\/www.virk.is\/static\/files\/enska\/kynningarblad-a-ensku.pdf\" target=\"_blank\" rel=\"noopener\">https:\/\/www.virk.is\/static\/files\/enska\/kynningarblad-a-ensku.pdf<\/a><\/p>","protected":false},"excerpt":{"rendered":"<p>VIRK Hlutverk VIRK er a\u00f0 efla starfsgetu einstaklinga me\u00f0\u00a0heilsubrest\u00a0sem stefna a\u00f0 aukinni \u00fe\u00e1ttt\u00f6ku \u00e1\u00a0vinnumarka\u00f0i. Tilgangur\u00a0me\u00f0 \u00fej\u00f3nustu \u00e1 vegum VIRK er a\u00f0 a\u00f0sto\u00f0a f\u00f3lk vi\u00f0 a\u00f0 komast til vinnu.\u00a0\u00a0 Um er a\u00f0 r\u00e6\u00f0a markvissa einstaklingsmi\u00f0a\u00f0a r\u00e1\u00f0gj\u00f6f og \u00fej\u00f3nustu \u00e1 svi\u00f0i starfsendurh\u00e6fingar sem krefst fullrar \u00fe\u00e1ttt\u00f6ku vi\u00f0komandi einstaklings.\u00a0\u00a0 Einstaklingur sem \u00f3skar eftir \u00fej\u00f3nustu VIRK \u00fearf a\u00f0 byrja [&hellip;]<\/p>\n","protected":false},"author":5,"featured_media":0,"parent":16512,"menu_order":0,"comment_status":"closed","ping_status":"closed","template":"","meta":{"inline_featured_image":false,"site-sidebar-layout":"no-sidebar","site-content-layout":"page-builder","ast-site-content-layout":"default","site-content-style":"default","site-sidebar-style":"default","ast-global-header-display":"","ast-banner-title-visibility":"","ast-main-header-display":"","ast-hfb-above-header-display":"","ast-hfb-below-header-display":"","ast-hfb-mobile-header-display":"","site-post-title":"disabled","ast-breadcrumbs-content":"","ast-featured-img":"disabled","footer-sml-layout":"","theme-transparent-header-meta":"default","adv-header-id-meta":"","stick-header-meta":"","header-above-stick-meta":"","header-main-stick-meta":"","header-below-stick-meta":"","astra-migrate-meta-layouts":"default","ast-page-background-enabled":"default","ast-page-background-meta":{"desktop":{"background-color":"","background-image":"","background-repeat":"repeat","background-position":"center center","background-size":"auto","background-attachment":"scroll","background-type":"","background-media":"","overlay-type":"","overlay-color":"","overlay-opacity":"","overlay-gradient":""},"tablet":{"background-color":"","background-image":"","background-repeat":"repeat","background-position":"center center","background-size":"auto","background-attachment":"scroll","background-type":"","background-media":"","overlay-type":"","overlay-color":"","overlay-opacity":"","overlay-gradient":""},"mobile":{"background-color":"","background-image":"","background-repeat":"repeat","background-position":"center center","background-size":"auto","background-attachment":"scroll","background-type":"","background-media":"","overlay-type":"","overlay-color":"","overlay-opacity":"","overlay-gradient":""}},"ast-content-background-meta":{"desktop":{"background-color":"var(--ast-global-color-5)","background-image":"","background-repeat":"repeat","background-position":"center center","background-size":"auto","background-attachment":"scroll","background-type":"","background-media":"","overlay-type":"","overlay-color":"","overlay-opacity":"","overlay-gradient":""},"tablet":{"background-color":"var(--ast-global-color-5)","background-image":"","background-repeat":"repeat","background-position":"center center","background-size":"auto","background-attachment":"scroll","background-type":"","background-media":"","overlay-type":"","overlay-color":"","overlay-opacity":"","overlay-gradient":""},"mobile":{"background-color":"var(--ast-global-color-5)","background-image":"","background-repeat":"repeat","background-position":"center center","background-size":"auto","background-attachment":"scroll","background-type":"","background-media":"","overlay-type":"","overlay-color":"","overlay-opacity":"","overlay-gradient":""}},"footnotes":""},"class_list":["post-16871","page","type-page","status-publish","hentry"],"_links":{"self":[{"href":"https:\/\/fjolmenning.arborg.is\/en\/wp-json\/wp\/v2\/pages\/16871","targetHints":{"allow":["GET"]}}],"collection":[{"href":"https:\/\/fjolmenning.arborg.is\/en\/wp-json\/wp\/v2\/pages"}],"about":[{"href":"https:\/\/fjolmenning.arborg.is\/en\/wp-json\/wp\/v2\/types\/page"}],"author":[{"embeddable":true,"href":"https:\/\/fjolmenning.arborg.is\/en\/wp-json\/wp\/v2\/users\/5"}],"replies":[{"embeddable":true,"href":"https:\/\/fjolmenning.arborg.is\/en\/wp-json\/wp\/v2\/comments?post=16871"}],"version-history":[{"count":4,"href":"https:\/\/fjolmenning.arborg.is\/en\/wp-json\/wp\/v2\/pages\/16871\/revisions"}],"predecessor-version":[{"id":18333,"href":"https:\/\/fjolmenning.arborg.is\/en\/wp-json\/wp\/v2\/pages\/16871\/revisions\/18333"}],"up":[{"embeddable":true,"href":"https:\/\/fjolmenning.arborg.is\/en\/wp-json\/wp\/v2\/pages\/16512"}],"wp:attachment":[{"href":"https:\/\/fjolmenning.arborg.is\/en\/wp-json\/wp\/v2\/media?parent=16871"}],"curies":[{"name":"wp","href":"https:\/\/api.w.org\/{rel}","templated":true}]}}