{"id":16864,"date":"2020-11-10T08:13:28","date_gmt":"2020-11-10T08:13:28","guid":{"rendered":"https:\/\/fjolmenning.arborg.is\/?page_id=16864"},"modified":"2025-07-16T14:05:13","modified_gmt":"2025-07-16T14:05:13","slug":"embaetti-landlaeknis","status":"publish","type":"page","link":"https:\/\/fjolmenning.arborg.is\/en\/heilsa\/embaetti-landlaeknis\/","title":{"rendered":"Directorate of Health"},"content":{"rendered":"<h1>\n\t\t\tDirectorate of Health\t<\/h1>\n\t<p>The principal role of the Directorate of Health (Emb\u00e6tti landl\u00e6knis) is to promote high-quality and safe health care for the people of Iceland, health promotion, and effective disease prevention measures.<\/p>\n\t<p>Further information: <a href=\"https:\/\/www.landlaeknir.is\/heilsa-og-lidan\/\">https:\/\/www.landlaeknir.is\/heilsa-og-lidan\/<\/a>\u00a0\u00a0<\/p>\n<p>Further information in English: <a href=\"https:\/\/island.is\/en\/health-and-wellbeing\">https:\/\/island.is\/en\/health-and-wellbeing<\/a><\/p>","protected":false},"excerpt":{"rendered":"<p>Emb\u00e6tti landl\u00e6knis Emb\u00e6ttinu er \u00e6tla\u00f0 a\u00f0 stu\u00f0la a\u00f0 heilbrig\u00f0i landsmanna, m.a. me\u00f0 \u00fev\u00ed a\u00f0 tryggja g\u00e6\u00f0i heilbrig\u00f0is\u00fej\u00f3nustu og efla l\u00fd\u00f0heilsustarf \u00ed landinu. N\u00e1nari uppl\u00fdsingar: https:\/\/www.landlaeknir.is\/heilsa-og-lidan\/\u00a0\u00a0 N\u00e1nari uppl\u00fdsingar \u00e1 ensku: https:\/\/island.is\/en\/health-and-wellbeing<\/p>","protected":false},"author":5,"featured_media":0,"parent":16512,"menu_order":0,"comment_status":"closed","ping_status":"closed","template":"","meta":{"inline_featured_image":false,"site-sidebar-layout":"no-sidebar","site-content-layout":"page-builder","ast-site-content-layout":"default","site-content-style":"default","site-sidebar-style":"default","ast-global-header-display":"","ast-banner-title-visibility":"","ast-main-header-display":"","ast-hfb-above-header-display":"","ast-hfb-below-header-display":"","ast-hfb-mobile-header-display":"","site-post-title":"disabled","ast-breadcrumbs-content":"","ast-featured-img":"disabled","footer-sml-layout":"","theme-transparent-header-meta":"default","adv-header-id-meta":"","stick-header-meta":"","header-above-stick-meta":"","header-main-stick-meta":"","header-below-stick-meta":"","astra-migrate-meta-layouts":"default","ast-page-background-enabled":"default","ast-page-background-meta":{"desktop":{"background-color":"","background-image":"","background-repeat":"repeat","background-position":"center center","background-size":"auto","background-attachment":"scroll","background-type":"","background-media":"","overlay-type":"","overlay-color":"","overlay-opacity":"","overlay-gradient":""},"tablet":{"background-color":"","background-image":"","background-repeat":"repeat","background-position":"center center","background-size":"auto","background-attachment":"scroll","background-type":"","background-media":"","overlay-type":"","overlay-color":"","overlay-opacity":"","overlay-gradient":""},"mobile":{"background-color":"","background-image":"","background-repeat":"repeat","background-position":"center center","background-size":"auto","background-attachment":"scroll","background-type":"","background-media":"","overlay-type":"","overlay-color":"","overlay-opacity":"","overlay-gradient":""}},"ast-content-background-meta":{"desktop":{"background-color":"var(--ast-global-color-5)","background-image":"","background-repeat":"repeat","background-position":"center center","background-size":"auto","background-attachment":"scroll","background-type":"","background-media":"","overlay-type":"","overlay-color":"","overlay-opacity":"","overlay-gradient":""},"tablet":{"background-color":"var(--ast-global-color-5)","background-image":"","background-repeat":"repeat","background-position":"center center","background-size":"auto","background-attachment":"scroll","background-type":"","background-media":"","overlay-type":"","overlay-color":"","overlay-opacity":"","overlay-gradient":""},"mobile":{"background-color":"var(--ast-global-color-5)","background-image":"","background-repeat":"repeat","background-position":"center center","background-size":"auto","background-attachment":"scroll","background-type":"","background-media":"","overlay-type":"","overlay-color":"","overlay-opacity":"","overlay-gradient":""}},"footnotes":""},"class_list":["post-16864","page","type-page","status-publish","hentry"],"_links":{"self":[{"href":"https:\/\/fjolmenning.arborg.is\/en\/wp-json\/wp\/v2\/pages\/16864","targetHints":{"allow":["GET"]}}],"collection":[{"href":"https:\/\/fjolmenning.arborg.is\/en\/wp-json\/wp\/v2\/pages"}],"about":[{"href":"https:\/\/fjolmenning.arborg.is\/en\/wp-json\/wp\/v2\/types\/page"}],"author":[{"embeddable":true,"href":"https:\/\/fjolmenning.arborg.is\/en\/wp-json\/wp\/v2\/users\/5"}],"replies":[{"embeddable":true,"href":"https:\/\/fjolmenning.arborg.is\/en\/wp-json\/wp\/v2\/comments?post=16864"}],"version-history":[{"count":7,"href":"https:\/\/fjolmenning.arborg.is\/en\/wp-json\/wp\/v2\/pages\/16864\/revisions"}],"predecessor-version":[{"id":18307,"href":"https:\/\/fjolmenning.arborg.is\/en\/wp-json\/wp\/v2\/pages\/16864\/revisions\/18307"}],"up":[{"embeddable":true,"href":"https:\/\/fjolmenning.arborg.is\/en\/wp-json\/wp\/v2\/pages\/16512"}],"wp:attachment":[{"href":"https:\/\/fjolmenning.arborg.is\/en\/wp-json\/wp\/v2\/media?parent=16864"}],"curies":[{"name":"wp","href":"https:\/\/api.w.org\/{rel}","templated":true}]}}