{"id":16849,"date":"2020-11-10T08:00:21","date_gmt":"2020-11-10T08:00:21","guid":{"rendered":"https:\/\/fjolmenning.arborg.is\/?page_id=16849"},"modified":"2025-07-16T13:55:53","modified_gmt":"2025-07-16T13:55:53","slug":"vidurkenning-a-menntun-erlendis-fra","status":"publish","type":"page","link":"https:\/\/fjolmenning.arborg.is\/en\/menntun\/vidurkenning-a-menntun-erlendis-fra\/","title":{"rendered":"Recognition of foreign qualifications"},"content":{"rendered":"<h1>\n\t\t\tRecognition of foreign qualifications \t<\/h1>\n\t<p>Individuals who have studied abroad have the option to get their studies evaluated in Iceland.<\/p>\n\t<p>Further information: <a href=\"https:\/\/island.is\/flokkur\/menntun#mat-a-erlendu-nami-og-starfsrettindum\" target=\"_blank\" rel=\"noopener\">https:\/\/island.is\/flokkur\/menntun#mat-a-erlendu-nami-og-starfsrettindum<\/a><\/p>","protected":false},"excerpt":{"rendered":"<p>Vi\u00f0urkenning \u00e1 menntun erlendis fr\u00e1 Einstaklingar sem stunda\u00f0 hafa n\u00e1m erlendis eiga \u00feess kost a\u00f0 f\u00e1 n\u00e1m sitt meti\u00f0 \u00e1 \u00cdslandi. N\u00e1nari uppl\u00fdsingar: https:\/\/island.is\/flokkur\/menntun#mat-a-erlendu-nami-og-starfsrettindum<\/p>","protected":false},"author":5,"featured_media":0,"parent":16510,"menu_order":0,"comment_status":"closed","ping_status":"closed","template":"","meta":{"inline_featured_image":false,"site-sidebar-layout":"no-sidebar","site-content-layout":"page-builder","ast-site-content-layout":"default","site-content-style":"default","site-sidebar-style":"default","ast-global-header-display":"","ast-banner-title-visibility":"","ast-main-header-display":"","ast-hfb-above-header-display":"","ast-hfb-below-header-display":"","ast-hfb-mobile-header-display":"","site-post-title":"disabled","ast-breadcrumbs-content":"","ast-featured-img":"disabled","footer-sml-layout":"","theme-transparent-header-meta":"default","adv-header-id-meta":"","stick-header-meta":"","header-above-stick-meta":"","header-main-stick-meta":"","header-below-stick-meta":"","astra-migrate-meta-layouts":"default","ast-page-background-enabled":"default","ast-page-background-meta":{"desktop":{"background-color":"","background-image":"","background-repeat":"repeat","background-position":"center center","background-size":"auto","background-attachment":"scroll","background-type":"","background-media":"","overlay-type":"","overlay-color":"","overlay-opacity":"","overlay-gradient":""},"tablet":{"background-color":"","background-image":"","background-repeat":"repeat","background-position":"center center","background-size":"auto","background-attachment":"scroll","background-type":"","background-media":"","overlay-type":"","overlay-color":"","overlay-opacity":"","overlay-gradient":""},"mobile":{"background-color":"","background-image":"","background-repeat":"repeat","background-position":"center center","background-size":"auto","background-attachment":"scroll","background-type":"","background-media":"","overlay-type":"","overlay-color":"","overlay-opacity":"","overlay-gradient":""}},"ast-content-background-meta":{"desktop":{"background-color":"var(--ast-global-color-5)","background-image":"","background-repeat":"repeat","background-position":"center center","background-size":"auto","background-attachment":"scroll","background-type":"","background-media":"","overlay-type":"","overlay-color":"","overlay-opacity":"","overlay-gradient":""},"tablet":{"background-color":"var(--ast-global-color-5)","background-image":"","background-repeat":"repeat","background-position":"center center","background-size":"auto","background-attachment":"scroll","background-type":"","background-media":"","overlay-type":"","overlay-color":"","overlay-opacity":"","overlay-gradient":""},"mobile":{"background-color":"var(--ast-global-color-5)","background-image":"","background-repeat":"repeat","background-position":"center center","background-size":"auto","background-attachment":"scroll","background-type":"","background-media":"","overlay-type":"","overlay-color":"","overlay-opacity":"","overlay-gradient":""}},"footnotes":""},"class_list":["post-16849","page","type-page","status-publish","hentry"],"_links":{"self":[{"href":"https:\/\/fjolmenning.arborg.is\/en\/wp-json\/wp\/v2\/pages\/16849","targetHints":{"allow":["GET"]}}],"collection":[{"href":"https:\/\/fjolmenning.arborg.is\/en\/wp-json\/wp\/v2\/pages"}],"about":[{"href":"https:\/\/fjolmenning.arborg.is\/en\/wp-json\/wp\/v2\/types\/page"}],"author":[{"embeddable":true,"href":"https:\/\/fjolmenning.arborg.is\/en\/wp-json\/wp\/v2\/users\/5"}],"replies":[{"embeddable":true,"href":"https:\/\/fjolmenning.arborg.is\/en\/wp-json\/wp\/v2\/comments?post=16849"}],"version-history":[{"count":12,"href":"https:\/\/fjolmenning.arborg.is\/en\/wp-json\/wp\/v2\/pages\/16849\/revisions"}],"predecessor-version":[{"id":18286,"href":"https:\/\/fjolmenning.arborg.is\/en\/wp-json\/wp\/v2\/pages\/16849\/revisions\/18286"}],"up":[{"embeddable":true,"href":"https:\/\/fjolmenning.arborg.is\/en\/wp-json\/wp\/v2\/pages\/16510"}],"wp:attachment":[{"href":"https:\/\/fjolmenning.arborg.is\/en\/wp-json\/wp\/v2\/media?parent=16849"}],"curies":[{"name":"wp","href":"https:\/\/api.w.org\/{rel}","templated":true}]}}