{"id":16846,"date":"2020-11-10T07:58:40","date_gmt":"2020-11-10T07:58:40","guid":{"rendered":"https:\/\/fjolmenning.arborg.is\/?page_id=16846"},"modified":"2025-07-16T13:55:32","modified_gmt":"2025-07-16T13:55:32","slug":"tonlistarskoli","status":"publish","type":"page","link":"https:\/\/fjolmenning.arborg.is\/en\/menntun\/tonlistarskoli\/","title":{"rendered":"T\u00f3nlistarsk\u00f3li"},"content":{"rendered":"<h1>\n\t\t\tMusic schools\t<\/h1>\n\t<p>T\u00f3nlistarsk\u00f3lli \u00c1rnesinga b\u00fd\u00f0ur upp\u00e1 fj\u00f6l\u00fe\u00e6tt\u00a0n\u00e1m, \u00fe.e.\u00a0Suzukin\u00e1m\u00a0fyrir nemendur sem byrja 3-5 \u00e1ra, klass\u00edskt n\u00e1m fyrir 6 \u00e1ra og eldri,\u00a0rytm\u00edskt\u00a0n\u00e1m fyrir 8-9 \u00e1ra og eldri, s\u00f6ngn\u00e1m fyrir 10-15 \u00e1ra sem kallast S\u00f6ngfuglar og s\u00f6ngn\u00e1m fyrir 16 \u00e1ra og eldri.\u00a0\u00a0<\/p>\n\t<p>Further information:\u00a0\u00a0<a href=\"https:\/\/www.tonar.is\/\" target=\"_blank\" rel=\"noopener\">https:\/\/www.tonar.is\/<\/a><\/p>\n<p class=\"translation-block\">T\u00f3nsmi\u00f0ja Su\u00f0urlands is a private music school, recognized by the Ministry of Education. The school offers traditional music classes as well as various courses.<\/p>\n<p>Further information: <a href=\"https:\/\/tonsmidjan.net\/\" target=\"_blank\" rel=\"noopener\">https:\/\/tonsmidjan.net\/<\/a><\/p>","protected":false},"excerpt":{"rendered":"<p>T\u00f3nlistarsk\u00f3lar T\u00f3nlistarsk\u00f3lli \u00c1rnesinga b\u00fd\u00f0ur upp\u00e1 fj\u00f6l\u00fe\u00e6tt\u00a0n\u00e1m, \u00fe.e.\u00a0Suzukin\u00e1m\u00a0fyrir nemendur sem byrja 3-5 \u00e1ra, klass\u00edskt n\u00e1m fyrir 6 \u00e1ra og eldri,\u00a0rytm\u00edskt\u00a0n\u00e1m fyrir 8-9 \u00e1ra og eldri, s\u00f6ngn\u00e1m fyrir 10-15 \u00e1ra sem kallast S\u00f6ngfuglar og s\u00f6ngn\u00e1m fyrir 16 \u00e1ra og eldri.\u00a0\u00a0 N\u00e1nari uppl\u00fdsingar:\u00a0\u00a0https:\/\/www.tonar.is\/ T\u00f3nsmi\u00f0ja Su\u00f0urlands er einkarekinn t\u00f3nlistarsk\u00f3li, vi\u00f0urkenndur af menntam\u00e1lar\u00e1\u00f0uneytinu.\u00a0T\u00f3nsmi\u00f0jan b\u00fd\u00f0ur upp \u00e1 hef\u00f0bundi\u00f0 t\u00f3nlistarn\u00e1m auk \u00fdmissa [&hellip;]<\/p>\n","protected":false},"author":5,"featured_media":0,"parent":16510,"menu_order":0,"comment_status":"closed","ping_status":"closed","template":"","meta":{"inline_featured_image":false,"site-sidebar-layout":"no-sidebar","site-content-layout":"page-builder","ast-site-content-layout":"default","site-content-style":"default","site-sidebar-style":"default","ast-global-header-display":"","ast-banner-title-visibility":"","ast-main-header-display":"","ast-hfb-above-header-display":"","ast-hfb-below-header-display":"","ast-hfb-mobile-header-display":"","site-post-title":"disabled","ast-breadcrumbs-content":"","ast-featured-img":"disabled","footer-sml-layout":"","theme-transparent-header-meta":"default","adv-header-id-meta":"","stick-header-meta":"","header-above-stick-meta":"","header-main-stick-meta":"","header-below-stick-meta":"","astra-migrate-meta-layouts":"default","ast-page-background-enabled":"default","ast-page-background-meta":{"desktop":{"background-color":"","background-image":"","background-repeat":"repeat","background-position":"center center","background-size":"auto","background-attachment":"scroll","background-type":"","background-media":"","overlay-type":"","overlay-color":"","overlay-opacity":"","overlay-gradient":""},"tablet":{"background-color":"","background-image":"","background-repeat":"repeat","background-position":"center center","background-size":"auto","background-attachment":"scroll","background-type":"","background-media":"","overlay-type":"","overlay-color":"","overlay-opacity":"","overlay-gradient":""},"mobile":{"background-color":"","background-image":"","background-repeat":"repeat","background-position":"center center","background-size":"auto","background-attachment":"scroll","background-type":"","background-media":"","overlay-type":"","overlay-color":"","overlay-opacity":"","overlay-gradient":""}},"ast-content-background-meta":{"desktop":{"background-color":"var(--ast-global-color-5)","background-image":"","background-repeat":"repeat","background-position":"center center","background-size":"auto","background-attachment":"scroll","background-type":"","background-media":"","overlay-type":"","overlay-color":"","overlay-opacity":"","overlay-gradient":""},"tablet":{"background-color":"var(--ast-global-color-5)","background-image":"","background-repeat":"repeat","background-position":"center center","background-size":"auto","background-attachment":"scroll","background-type":"","background-media":"","overlay-type":"","overlay-color":"","overlay-opacity":"","overlay-gradient":""},"mobile":{"background-color":"var(--ast-global-color-5)","background-image":"","background-repeat":"repeat","background-position":"center center","background-size":"auto","background-attachment":"scroll","background-type":"","background-media":"","overlay-type":"","overlay-color":"","overlay-opacity":"","overlay-gradient":""}},"footnotes":""},"class_list":["post-16846","page","type-page","status-publish","hentry"],"_links":{"self":[{"href":"https:\/\/fjolmenning.arborg.is\/en\/wp-json\/wp\/v2\/pages\/16846","targetHints":{"allow":["GET"]}}],"collection":[{"href":"https:\/\/fjolmenning.arborg.is\/en\/wp-json\/wp\/v2\/pages"}],"about":[{"href":"https:\/\/fjolmenning.arborg.is\/en\/wp-json\/wp\/v2\/types\/page"}],"author":[{"embeddable":true,"href":"https:\/\/fjolmenning.arborg.is\/en\/wp-json\/wp\/v2\/users\/5"}],"replies":[{"embeddable":true,"href":"https:\/\/fjolmenning.arborg.is\/en\/wp-json\/wp\/v2\/comments?post=16846"}],"version-history":[{"count":5,"href":"https:\/\/fjolmenning.arborg.is\/en\/wp-json\/wp\/v2\/pages\/16846\/revisions"}],"predecessor-version":[{"id":18284,"href":"https:\/\/fjolmenning.arborg.is\/en\/wp-json\/wp\/v2\/pages\/16846\/revisions\/18284"}],"up":[{"embeddable":true,"href":"https:\/\/fjolmenning.arborg.is\/en\/wp-json\/wp\/v2\/pages\/16510"}],"wp:attachment":[{"href":"https:\/\/fjolmenning.arborg.is\/en\/wp-json\/wp\/v2\/media?parent=16846"}],"curies":[{"name":"wp","href":"https:\/\/api.w.org\/{rel}","templated":true}]}}