{"id":16841,"date":"2020-11-10T07:55:54","date_gmt":"2020-11-10T07:55:54","guid":{"rendered":"https:\/\/fjolmenning.arborg.is\/?page_id=16841"},"modified":"2025-07-16T13:53:56","modified_gmt":"2025-07-16T13:53:56","slug":"fraedslunet-sudurlands","status":"publish","type":"page","link":"https:\/\/fjolmenning.arborg.is\/en\/menntun\/fraedslunet-sudurlands\/","title":{"rendered":"Fr\u00e6\u00f0sluneti\u00f0"},"content":{"rendered":"<h1>\n\t\t\tFr\u00e6\u00f0sluneti\u00f0\t<\/h1>\n\t<p>Fr\u00e6\u00f0sluneti\u00f0 &#8211; s\u00edmenntun \u00e1 Su\u00f0urlandi s\u00e9r um og skipuleggur n\u00e1m og n\u00e1mskei\u00f0 fyrir fullor\u00f0i\u00f0 f\u00f3lk, \u00edslenskun\u00e1mskei\u00f0 fyrir \u00fatlendinga og n\u00e1mskei\u00f0 fyrir fyrirt\u00e6ki og stofnanir.<\/p>\n\t<p>Further information:\u00a0<a href=\"https:\/\/fraedslunet.is\" target=\"_blank\" rel=\"noopener\">https:\/\/fraedslunet.is<\/a><\/p>","protected":false},"excerpt":{"rendered":"<p>Fr\u00e6\u00f0sluneti\u00f0 Fr\u00e6\u00f0sluneti\u00f0 &#8211; s\u00edmenntun \u00e1 Su\u00f0urlandi s\u00e9r um og skipuleggur n\u00e1m og n\u00e1mskei\u00f0 fyrir fullor\u00f0i\u00f0 f\u00f3lk, \u00edslenskun\u00e1mskei\u00f0 fyrir \u00fatlendinga og n\u00e1mskei\u00f0 fyrir fyrirt\u00e6ki og stofnanir. N\u00e1nari uppl\u00fdsingar:\u00a0https:\/\/fraedslunet.is<\/p>","protected":false},"author":5,"featured_media":0,"parent":16510,"menu_order":0,"comment_status":"closed","ping_status":"closed","template":"","meta":{"inline_featured_image":false,"site-sidebar-layout":"no-sidebar","site-content-layout":"page-builder","ast-site-content-layout":"default","site-content-style":"default","site-sidebar-style":"default","ast-global-header-display":"","ast-banner-title-visibility":"","ast-main-header-display":"","ast-hfb-above-header-display":"","ast-hfb-below-header-display":"","ast-hfb-mobile-header-display":"","site-post-title":"disabled","ast-breadcrumbs-content":"","ast-featured-img":"disabled","footer-sml-layout":"","theme-transparent-header-meta":"default","adv-header-id-meta":"","stick-header-meta":"","header-above-stick-meta":"","header-main-stick-meta":"","header-below-stick-meta":"","astra-migrate-meta-layouts":"default","ast-page-background-enabled":"default","ast-page-background-meta":{"desktop":{"background-color":"","background-image":"","background-repeat":"repeat","background-position":"center center","background-size":"auto","background-attachment":"scroll","background-type":"","background-media":"","overlay-type":"","overlay-color":"","overlay-opacity":"","overlay-gradient":""},"tablet":{"background-color":"","background-image":"","background-repeat":"repeat","background-position":"center center","background-size":"auto","background-attachment":"scroll","background-type":"","background-media":"","overlay-type":"","overlay-color":"","overlay-opacity":"","overlay-gradient":""},"mobile":{"background-color":"","background-image":"","background-repeat":"repeat","background-position":"center center","background-size":"auto","background-attachment":"scroll","background-type":"","background-media":"","overlay-type":"","overlay-color":"","overlay-opacity":"","overlay-gradient":""}},"ast-content-background-meta":{"desktop":{"background-color":"var(--ast-global-color-5)","background-image":"","background-repeat":"repeat","background-position":"center center","background-size":"auto","background-attachment":"scroll","background-type":"","background-media":"","overlay-type":"","overlay-color":"","overlay-opacity":"","overlay-gradient":""},"tablet":{"background-color":"var(--ast-global-color-5)","background-image":"","background-repeat":"repeat","background-position":"center center","background-size":"auto","background-attachment":"scroll","background-type":"","background-media":"","overlay-type":"","overlay-color":"","overlay-opacity":"","overlay-gradient":""},"mobile":{"background-color":"var(--ast-global-color-5)","background-image":"","background-repeat":"repeat","background-position":"center center","background-size":"auto","background-attachment":"scroll","background-type":"","background-media":"","overlay-type":"","overlay-color":"","overlay-opacity":"","overlay-gradient":""}},"footnotes":""},"class_list":["post-16841","page","type-page","status-publish","hentry"],"_links":{"self":[{"href":"https:\/\/fjolmenning.arborg.is\/en\/wp-json\/wp\/v2\/pages\/16841","targetHints":{"allow":["GET"]}}],"collection":[{"href":"https:\/\/fjolmenning.arborg.is\/en\/wp-json\/wp\/v2\/pages"}],"about":[{"href":"https:\/\/fjolmenning.arborg.is\/en\/wp-json\/wp\/v2\/types\/page"}],"author":[{"embeddable":true,"href":"https:\/\/fjolmenning.arborg.is\/en\/wp-json\/wp\/v2\/users\/5"}],"replies":[{"embeddable":true,"href":"https:\/\/fjolmenning.arborg.is\/en\/wp-json\/wp\/v2\/comments?post=16841"}],"version-history":[{"count":8,"href":"https:\/\/fjolmenning.arborg.is\/en\/wp-json\/wp\/v2\/pages\/16841\/revisions"}],"predecessor-version":[{"id":18280,"href":"https:\/\/fjolmenning.arborg.is\/en\/wp-json\/wp\/v2\/pages\/16841\/revisions\/18280"}],"up":[{"embeddable":true,"href":"https:\/\/fjolmenning.arborg.is\/en\/wp-json\/wp\/v2\/pages\/16510"}],"wp:attachment":[{"href":"https:\/\/fjolmenning.arborg.is\/en\/wp-json\/wp\/v2\/media?parent=16841"}],"curies":[{"name":"wp","href":"https:\/\/api.w.org\/{rel}","templated":true}]}}