{"id":16823,"date":"2020-11-03T16:21:06","date_gmt":"2020-11-03T16:21:06","guid":{"rendered":"https:\/\/fjolmenning.arborg.is\/?page_id=16823"},"modified":"2025-07-16T13:53:34","modified_gmt":"2025-07-16T13:53:34","slug":"framhaldskolar","status":"publish","type":"page","link":"https:\/\/fjolmenning.arborg.is\/en\/menntun\/framhaldskolar\/","title":{"rendered":"Framhaldsk\u00f3lar"},"content":{"rendered":"<h1>\n\t\t\tUpper secondary schools\t<\/h1>\n\t<p class=\"translation-block\">Upper secondary schools (framhaldssk\u00f3lar) offer diverse learning paths that provide students with a broad range of preparation and rights in the field of academic study programmes, artistic study programmes and vocational training. The studies conclude with a final examination such as the upper secondary school leaving certificate, a professional qualification examination, the matriculation examination, or any other formal conclusion of studies.<\/p>\n\t<p>Further information: <a href=\"https:\/\/www.government.is\/media\/menntamalaraduneyti-media\/media\/frettatengt2016\/Thyding-log-um-framhaldsskola-juli-2016.pdf\" target=\"_blank\" rel=\"noopener\">https:\/\/www.government.is\/media\/menntamalaraduneyti-media\/media\/frettatengt2016\/Thyding-log-um-framhaldsskola-juli-2016.pdf<\/a><\/p>\n<p>List of schools which offer study programmes at the upper secondary level:\u00a0\u00a0<a href=\"https:\/\/mms.is\/listi-yfir-skola\" target=\"_blank\" rel=\"noopener\">https:\/\/mms.is\/listi-yfir-skola<\/a><\/p>\n<p>FSu- Fj\u00f6lbrautask\u00f3li Su\u00f0urlands: V\u00ed\u00f0t\u00e6kt verk- og b\u00f3kn\u00e1m auk meistaran\u00e1ms\u00a0<a href=\"https:\/\/www.fsu.is\/is\/english\" target=\"_blank\" rel=\"noopener\">https:\/\/www.fsu.is\/is\/english<\/a><\/p>","protected":false},"excerpt":{"rendered":"<p>Framhaldssk\u00f3lar \u00cd framhaldssk\u00f3lum\u00a0eru\u00a0fj\u00f6lbreyttar n\u00e1mslei\u00f0ir sem veita margs konar undirb\u00faning og r\u00e9ttindi \u00e1 svi\u00f0i almenns n\u00e1ms, listn\u00e1ms, b\u00f3kn\u00e1ms og starfsn\u00e1ms. N\u00e1minu l\u00fdkur me\u00f0 mismunandi n\u00e1msgr\u00e1\u00f0um, svo sem framhaldssk\u00f3lapr\u00f3fi, pr\u00f3fi til starfsr\u00e9ttinda, st\u00fadentspr\u00f3fi, i\u00f0nmeistarapr\u00f3fi e\u00f0a me\u00f0 \u00f6\u00f0ru lokapr\u00f3fi. N\u00e1nari uppl\u00fdsingar: https:\/\/www.stjornarradid.is\/verkefni\/menntamal\/framhaldsskolar\/ Listi yfir sk\u00f3la sem bj\u00f3\u00f0a upp \u00e1 n\u00e1m \u00e1 framhaldssk\u00f3lastigi\u00a0\u00a0https:\/\/mms.is\/listi-yfir-skola FSu- Fj\u00f6lbrautask\u00f3li Su\u00f0urlands: V\u00ed\u00f0t\u00e6kt verk- og [&hellip;]<\/p>\n","protected":false},"author":5,"featured_media":0,"parent":16510,"menu_order":0,"comment_status":"closed","ping_status":"closed","template":"","meta":{"inline_featured_image":false,"site-sidebar-layout":"no-sidebar","site-content-layout":"page-builder","ast-site-content-layout":"default","site-content-style":"default","site-sidebar-style":"default","ast-global-header-display":"","ast-banner-title-visibility":"","ast-main-header-display":"","ast-hfb-above-header-display":"","ast-hfb-below-header-display":"","ast-hfb-mobile-header-display":"","site-post-title":"disabled","ast-breadcrumbs-content":"","ast-featured-img":"disabled","footer-sml-layout":"","theme-transparent-header-meta":"default","adv-header-id-meta":"","stick-header-meta":"","header-above-stick-meta":"","header-main-stick-meta":"","header-below-stick-meta":"","astra-migrate-meta-layouts":"default","ast-page-background-enabled":"default","ast-page-background-meta":{"desktop":{"background-color":"","background-image":"","background-repeat":"repeat","background-position":"center center","background-size":"auto","background-attachment":"scroll","background-type":"","background-media":"","overlay-type":"","overlay-color":"","overlay-opacity":"","overlay-gradient":""},"tablet":{"background-color":"","background-image":"","background-repeat":"repeat","background-position":"center center","background-size":"auto","background-attachment":"scroll","background-type":"","background-media":"","overlay-type":"","overlay-color":"","overlay-opacity":"","overlay-gradient":""},"mobile":{"background-color":"","background-image":"","background-repeat":"repeat","background-position":"center center","background-size":"auto","background-attachment":"scroll","background-type":"","background-media":"","overlay-type":"","overlay-color":"","overlay-opacity":"","overlay-gradient":""}},"ast-content-background-meta":{"desktop":{"background-color":"var(--ast-global-color-5)","background-image":"","background-repeat":"repeat","background-position":"center center","background-size":"auto","background-attachment":"scroll","background-type":"","background-media":"","overlay-type":"","overlay-color":"","overlay-opacity":"","overlay-gradient":""},"tablet":{"background-color":"var(--ast-global-color-5)","background-image":"","background-repeat":"repeat","background-position":"center center","background-size":"auto","background-attachment":"scroll","background-type":"","background-media":"","overlay-type":"","overlay-color":"","overlay-opacity":"","overlay-gradient":""},"mobile":{"background-color":"var(--ast-global-color-5)","background-image":"","background-repeat":"repeat","background-position":"center center","background-size":"auto","background-attachment":"scroll","background-type":"","background-media":"","overlay-type":"","overlay-color":"","overlay-opacity":"","overlay-gradient":""}},"footnotes":""},"class_list":["post-16823","page","type-page","status-publish","hentry"],"_links":{"self":[{"href":"https:\/\/fjolmenning.arborg.is\/en\/wp-json\/wp\/v2\/pages\/16823","targetHints":{"allow":["GET"]}}],"collection":[{"href":"https:\/\/fjolmenning.arborg.is\/en\/wp-json\/wp\/v2\/pages"}],"about":[{"href":"https:\/\/fjolmenning.arborg.is\/en\/wp-json\/wp\/v2\/types\/page"}],"author":[{"embeddable":true,"href":"https:\/\/fjolmenning.arborg.is\/en\/wp-json\/wp\/v2\/users\/5"}],"replies":[{"embeddable":true,"href":"https:\/\/fjolmenning.arborg.is\/en\/wp-json\/wp\/v2\/comments?post=16823"}],"version-history":[{"count":12,"href":"https:\/\/fjolmenning.arborg.is\/en\/wp-json\/wp\/v2\/pages\/16823\/revisions"}],"predecessor-version":[{"id":18278,"href":"https:\/\/fjolmenning.arborg.is\/en\/wp-json\/wp\/v2\/pages\/16823\/revisions\/18278"}],"up":[{"embeddable":true,"href":"https:\/\/fjolmenning.arborg.is\/en\/wp-json\/wp\/v2\/pages\/16510"}],"wp:attachment":[{"href":"https:\/\/fjolmenning.arborg.is\/en\/wp-json\/wp\/v2\/media?parent=16823"}],"curies":[{"name":"wp","href":"https:\/\/api.w.org\/{rel}","templated":true}]}}