{"id":16595,"date":"2020-11-03T09:24:28","date_gmt":"2020-11-03T09:24:28","guid":{"rendered":"https:\/\/fjolmenning.arborg.is\/?page_id=16595"},"modified":"2023-02-17T11:54:20","modified_gmt":"2023-02-17T11:54:20","slug":"handbok","status":"publish","type":"page","link":"https:\/\/fjolmenning.arborg.is\/en\/menntun\/handbok\/","title":{"rendered":"Handbook on multiculturalism"},"content":{"rendered":"<h1>\n\t\tHandbook on multiculturalism\n\t<\/h1>\n\t<p>It is important to provide reception for all children who start in a new school. This is particularly important for children with mother tongues other than Icelandic.<\/p>\n\t<p>Handbook of multiculturalism\u00a0<em><strong>Fj\u00f6lmenningarleg menntun \u00ed Sveitarf\u00e9laginu \u00c1rborg<\/strong><\/em>\u00a0n\u00fdtist\u202fstarfsf\u00f3lki\u202fleik- og grunnsk\u00f3lanna\u202f\u00feegar teki\u00f0 er \u00e1 m\u00f3ti nemendum af erlendum uppruna.\u202f\u00a0\u00a0<\/p>\n<p>Further information:\u00a0<\/p>\n<a href=\"https:\/\/fjolmenning.arborg.is\/wp-content\/uploads\/2023\/02\/Fjolmenningarleg-menntun-i-Sveitarfelaginu-Arborg-2022.pdf\" class=\"pdfemb-viewer\" style=\"\" data-width=\"max\" data-height=\"max\" data-mobile-width=\"500\"  data-scrollbar=\"none\" data-download=\"on\" data-tracking=\"on\" data-newwindow=\"on\" data-pagetextbox=\"off\" data-scrolltotop=\"off\" data-startzoom=\"100\" data-startfpzoom=\"100\" data-toolbar=\"bottom\" data-toolbar-fixed=\"off\">Fjolmenningarleg-menntun-i-Sveitarfelaginu-Arborg-2022<br\/><\/a>\n<p><a href=\"https:\/\/fjolmenning.arborg.is\/wp-content\/uploads\/2023\/02\/Fjolmenningarleg-menntun-i-Sveitarfelaginu-Arborg-2022.pdf\">Download file for printing<\/a><\/p>","protected":false},"excerpt":{"rendered":"<p>Handb\u00f3k um fj\u00f6lmenningu \u00dea\u00f0 er mikilv\u00e6gt a\u00f0 taka vel \u00e1 m\u00f3ti \u00f6llum b\u00f6rnum sem koma n\u00fd \u00ed sk\u00f3lana en s\u00e9rstaklega \u00fearf a\u00f0 huga a\u00f0 m\u00f3tt\u00f6ku barna af erlendum uppruna sem hafa anna\u00f0 m\u00f3\u00f0urm\u00e1l en \u00edslensku.\u202f Handb\u00f3k\u00a0Fj\u00f6lmenningarleg menntun \u00ed Sveitarf\u00e9laginu \u00c1rborg\u00a0n\u00fdtist\u202fstarfsf\u00f3lki\u202fleik- og grunnsk\u00f3lanna\u202f\u00feegar teki\u00f0 er \u00e1 m\u00f3ti nemendum af erlendum uppruna.\u202f\u00a0\u00a0 N\u00e1nari uppl\u00fdsingar:\u00a0 Hla\u00f0a ni\u00f0ur skjali [&hellip;]<\/p>\n","protected":false},"author":5,"featured_media":0,"parent":16510,"menu_order":0,"comment_status":"closed","ping_status":"closed","template":"","meta":{"inline_featured_image":false,"site-sidebar-layout":"no-sidebar","site-content-layout":"page-builder","ast-site-content-layout":"default","site-content-style":"default","site-sidebar-style":"default","ast-global-header-display":"","ast-banner-title-visibility":"","ast-main-header-display":"","ast-hfb-above-header-display":"","ast-hfb-below-header-display":"","ast-hfb-mobile-header-display":"","site-post-title":"disabled","ast-breadcrumbs-content":"","ast-featured-img":"disabled","footer-sml-layout":"","theme-transparent-header-meta":"default","adv-header-id-meta":"","stick-header-meta":"","header-above-stick-meta":"","header-main-stick-meta":"","header-below-stick-meta":"","astra-migrate-meta-layouts":"default","ast-page-background-enabled":"default","ast-page-background-meta":{"desktop":{"background-color":"","background-image":"","background-repeat":"repeat","background-position":"center center","background-size":"auto","background-attachment":"scroll","background-type":"","background-media":"","overlay-type":"","overlay-color":"","overlay-opacity":"","overlay-gradient":""},"tablet":{"background-color":"","background-image":"","background-repeat":"repeat","background-position":"center center","background-size":"auto","background-attachment":"scroll","background-type":"","background-media":"","overlay-type":"","overlay-color":"","overlay-opacity":"","overlay-gradient":""},"mobile":{"background-color":"","background-image":"","background-repeat":"repeat","background-position":"center center","background-size":"auto","background-attachment":"scroll","background-type":"","background-media":"","overlay-type":"","overlay-color":"","overlay-opacity":"","overlay-gradient":""}},"ast-content-background-meta":{"desktop":{"background-color":"var(--ast-global-color-5)","background-image":"","background-repeat":"repeat","background-position":"center center","background-size":"auto","background-attachment":"scroll","background-type":"","background-media":"","overlay-type":"","overlay-color":"","overlay-opacity":"","overlay-gradient":""},"tablet":{"background-color":"var(--ast-global-color-5)","background-image":"","background-repeat":"repeat","background-position":"center center","background-size":"auto","background-attachment":"scroll","background-type":"","background-media":"","overlay-type":"","overlay-color":"","overlay-opacity":"","overlay-gradient":""},"mobile":{"background-color":"var(--ast-global-color-5)","background-image":"","background-repeat":"repeat","background-position":"center center","background-size":"auto","background-attachment":"scroll","background-type":"","background-media":"","overlay-type":"","overlay-color":"","overlay-opacity":"","overlay-gradient":""}},"footnotes":""},"class_list":["post-16595","page","type-page","status-publish","hentry"],"_links":{"self":[{"href":"https:\/\/fjolmenning.arborg.is\/en\/wp-json\/wp\/v2\/pages\/16595","targetHints":{"allow":["GET"]}}],"collection":[{"href":"https:\/\/fjolmenning.arborg.is\/en\/wp-json\/wp\/v2\/pages"}],"about":[{"href":"https:\/\/fjolmenning.arborg.is\/en\/wp-json\/wp\/v2\/types\/page"}],"author":[{"embeddable":true,"href":"https:\/\/fjolmenning.arborg.is\/en\/wp-json\/wp\/v2\/users\/5"}],"replies":[{"embeddable":true,"href":"https:\/\/fjolmenning.arborg.is\/en\/wp-json\/wp\/v2\/comments?post=16595"}],"version-history":[{"count":20,"href":"https:\/\/fjolmenning.arborg.is\/en\/wp-json\/wp\/v2\/pages\/16595\/revisions"}],"predecessor-version":[{"id":17902,"href":"https:\/\/fjolmenning.arborg.is\/en\/wp-json\/wp\/v2\/pages\/16595\/revisions\/17902"}],"up":[{"embeddable":true,"href":"https:\/\/fjolmenning.arborg.is\/en\/wp-json\/wp\/v2\/pages\/16510"}],"wp:attachment":[{"href":"https:\/\/fjolmenning.arborg.is\/en\/wp-json\/wp\/v2\/media?parent=16595"}],"curies":[{"name":"wp","href":"https:\/\/api.w.org\/{rel}","templated":true}]}}